{"id":5499,"date":"2020-06-17T12:16:30","date_gmt":"2020-06-17T11:16:30","guid":{"rendered":"https:\/\/barcelona-discovery.com\/?post_type=product&#038;p=5499"},"modified":"2021-01-21T18:01:11","modified_gmt":"2021-01-21T17:01:11","slug":"ruta-trekking-por-el-parque-del-montnegre-i-el-corredor","status":"publish","type":"product","link":"https:\/\/barcelona-discovery.com\/es\/tours\/ruta-trekking-por-el-parque-del-montnegre-i-el-corredor\/","title":{"rendered":"Ruta guiada- Trekking por el Parque del Montnegre i el Corredor"},"content":{"rendered":"<p>A tan solo<strong> 45 minutos de\u00a0 Barcelona<\/strong> descubriremos los bosques y rincones del Montnegre y el Corredor. Empezaremos el trekking en el pueblo de<a href=\"http:\/\/www.turismevallgorguina.com\/\"> Vallgorguina<\/a> donde nos dirigiremos hacia la Font d\u2019en Nel, exploraran la fauna aut\u00f3ctona y la vegetaci\u00f3n de esta zona. Una vez bebido agua y recargado energ\u00eda se dirigir\u00e1n hacia el Dolmen de Piedra Gentil.<\/p>\n<p>El <strong>Dolmen de Piedra<\/strong> gentil se encuentra a 328m de altitud, coronando una colina situado en el kil\u00f3metro 4,1 de la pista forestal que va de la C-61 en el Santuario del Corredor. Es una construcci\u00f3n megal\u00edtica de 7 losas clavadas verticalmente encima de las cuales se encuentra la piedra de cubierta. Esta estructura no ha sido nunca excavada ni documentada cient\u00edficamente lo que deja algunas incertidumbres sobre su origen, forma, y \u200b\u200bubicaci\u00f3n originales.<\/p>\n<p>En definitiva, descubrir\u00e1n el entorno de Vallgorguina, con una ruta con un desnivel bajo y accesible para todos, 5 km de ruta circular. Se trata de una excursi\u00f3n agradable, sin complicaciones, se\u00f1alizada como sendero local (SL-C 71) que transcurre por pistas y caminos del Parque.<\/p>\n<p>A lo largo de la ruta los colores, todo el a\u00f1o verde, son predominantes en el paisaje. M\u00e1s del 95% de la superficie del Parque es de car\u00e1cter forestal. Esto nos permitir\u00e1 descubrir tambi\u00e9n los diferentes tipos de bosques de hoja persistente que esconde este relieve redondeado por la erosi\u00f3n.<\/p>\n<p>El dolmen de Pedra Gentil, Santa Eul\u00e0lia de Tapioles y las mas\u00edas de Can Pradell de la Serra y Can Clarens son los principales elementos arquitect\u00f3nicos de la ruta, que muestra la vida y la ocupaci\u00f3n humana de la vertiente del Corredor.<\/p>\n<p>El recorrido acabara en el <a href=\"http:\/\/www.turismevallgorguina.com\/museu-del-bosc-i-la-pagesia\/\">Museu del Bosc i la Pagesia<\/a>. La colecci\u00f3n del museo se reparte en dos plantas que dan valor al mundo del bosque, la naturaleza y la agricultura.<\/p>\n<p>La planta baja est\u00e1 dedicada a la agricultura: vida y los valores en el campo, las herramientas utilizadas y los avances t\u00e9cnicos, los cereales y la vida. La primera planta se centra en el bosque y la naturaleza: aprovechamiento y oficios (carboneo, peladores, le\u00f1ador), vegetaci\u00f3n, fauna y usos actuales (excursionismo)<\/p>\n","protected":false},"excerpt":{"rendered":"<p><strong>Senderismo guiado por el Parc del Montnegre i el Corredor &#8211; Descubre la ruta circular hasta el Dolmen de la Piedra Gentil<\/strong><\/p>\n","protected":false},"featured_media":5510,"comment_status":"open","ping_status":"closed","template":"","meta":[],"product_brand":[],"product_cat":[192,157],"product_tag":[],"class_list":{"0":"post-5499","1":"product","2":"type-product","3":"status-publish","4":"has-post-thumbnail","6":"product_cat-aventuras-por-la-montana","7":"product_cat-experiencias-terrestres","8":"pa_tour-types-land-experiences-aventuras-montana-es","10":"first","11":"instock","12":"shipping-taxable","13":"purchasable","14":"product-type-tour_phys"},"yoast_head":"<!-- This site is optimized with the Yoast SEO plugin v26.1.1 - https:\/\/yoast.com\/wordpress\/plugins\/seo\/ -->\n<title>Senderismo Guiado por el Parque del Montnegre i el Corredor - Trekking<\/title>\n<meta name=\"description\" content=\"Ruta circular guiada de senderismo hasta el Dolmen de la Piedra Gentil de Vallgorguina.Conoce el entorno de la mano de un guia y visita el Museo del Bosque.\" \/>\n<meta name=\"robots\" content=\"index, follow, max-snippet:-1, max-image-preview:large, max-video-preview:-1\" \/>\n<link rel=\"canonical\" href=\"https:\/\/barcelona-discovery.com\/es\/tours\/ruta-trekking-por-el-parque-del-montnegre-i-el-corredor\/\" \/>\n<meta property=\"og:locale\" content=\"es_ES\" \/>\n<meta property=\"og:type\" content=\"article\" \/>\n<meta property=\"og:title\" content=\"Senderismo Guiado por el Parque del Montnegre i el Corredor - Trekking\" \/>\n<meta property=\"og:description\" content=\"Ruta circular guiada de senderismo hasta el Dolmen de la Piedra Gentil de Vallgorguina.Conoce el entorno de la mano de un guia y visita el Museo del Bosque.\" \/>\n<meta property=\"og:url\" content=\"https:\/\/barcelona-discovery.com\/es\/tours\/ruta-trekking-por-el-parque-del-montnegre-i-el-corredor\/\" \/>\n<meta property=\"og:site_name\" content=\"Barcelona Discovery\" \/>\n<meta property=\"article:publisher\" content=\"https:\/\/www.facebook.com\/BarcelonaDiscovery\/\" \/>\n<meta property=\"article:modified_time\" content=\"2021-01-21T17:01:11+00:00\" \/>\n<meta property=\"og:image\" content=\"https:\/\/barcelona-discovery.com\/wp-content\/uploads\/2020\/06\/dolmen-vallgorguina.jpg\" \/>\n\t<meta property=\"og:image:width\" content=\"1400\" \/>\n\t<meta property=\"og:image:height\" content=\"700\" \/>\n\t<meta property=\"og:image:type\" content=\"image\/jpeg\" \/>\n<meta name=\"twitter:card\" content=\"summary_large_image\" \/>\n<meta name=\"twitter:site\" content=\"@bcn_discovery\" \/>\n<meta name=\"twitter:label1\" content=\"Tiempo de lectura\" \/>\n\t<meta name=\"twitter:data1\" content=\"2 minutos\" \/>\n<script type=\"application\/ld+json\" class=\"yoast-schema-graph\">{\"@context\":\"https:\/\/schema.org\",\"@graph\":[{\"@type\":\"WebPage\",\"@id\":\"https:\/\/barcelona-discovery.com\/es\/tours\/ruta-trekking-por-el-parque-del-montnegre-i-el-corredor\/\",\"url\":\"https:\/\/barcelona-discovery.com\/es\/tours\/ruta-trekking-por-el-parque-del-montnegre-i-el-corredor\/\",\"name\":\"Senderismo Guiado por el Parque del Montnegre i el Corredor - Trekking\",\"isPartOf\":{\"@id\":\"https:\/\/barcelona-discovery.com\/#website\"},\"primaryImageOfPage\":{\"@id\":\"https:\/\/barcelona-discovery.com\/es\/tours\/ruta-trekking-por-el-parque-del-montnegre-i-el-corredor\/#primaryimage\"},\"image\":{\"@id\":\"https:\/\/barcelona-discovery.com\/es\/tours\/ruta-trekking-por-el-parque-del-montnegre-i-el-corredor\/#primaryimage\"},\"thumbnailUrl\":\"https:\/\/barcelona-discovery.com\/wp-content\/uploads\/2020\/06\/dolmen-vallgorguina.jpg\",\"datePublished\":\"2020-06-17T11:16:30+00:00\",\"dateModified\":\"2021-01-21T17:01:11+00:00\",\"description\":\"Ruta circular guiada de senderismo hasta el Dolmen de la Piedra Gentil de Vallgorguina.Conoce el entorno de la mano de un guia y visita el Museo del Bosque.\",\"breadcrumb\":{\"@id\":\"https:\/\/barcelona-discovery.com\/es\/tours\/ruta-trekking-por-el-parque-del-montnegre-i-el-corredor\/#breadcrumb\"},\"inLanguage\":\"es\",\"potentialAction\":[{\"@type\":\"ReadAction\",\"target\":[\"https:\/\/barcelona-discovery.com\/es\/tours\/ruta-trekking-por-el-parque-del-montnegre-i-el-corredor\/\"]}]},{\"@type\":\"ImageObject\",\"inLanguage\":\"es\",\"@id\":\"https:\/\/barcelona-discovery.com\/es\/tours\/ruta-trekking-por-el-parque-del-montnegre-i-el-corredor\/#primaryimage\",\"url\":\"https:\/\/barcelona-discovery.com\/wp-content\/uploads\/2020\/06\/dolmen-vallgorguina.jpg\",\"contentUrl\":\"https:\/\/barcelona-discovery.com\/wp-content\/uploads\/2020\/06\/dolmen-vallgorguina.jpg\",\"width\":1400,\"height\":700,\"caption\":\"Rutas Guiadas\"},{\"@type\":\"BreadcrumbList\",\"@id\":\"https:\/\/barcelona-discovery.com\/es\/tours\/ruta-trekking-por-el-parque-del-montnegre-i-el-corredor\/#breadcrumb\",\"itemListElement\":[{\"@type\":\"ListItem\",\"position\":1,\"name\":\"Home\",\"item\":\"https:\/\/barcelona-discovery.com\/es\/\"},{\"@type\":\"ListItem\",\"position\":2,\"name\":\"Tours\",\"item\":\"https:\/\/barcelona-discovery.com\/tours\/\"},{\"@type\":\"ListItem\",\"position\":3,\"name\":\"Ruta guiada- Trekking por el Parque del Montnegre i el Corredor\"}]},{\"@type\":\"WebSite\",\"@id\":\"https:\/\/barcelona-discovery.com\/#website\",\"url\":\"https:\/\/barcelona-discovery.com\/\",\"name\":\"Barcelona Discovery\",\"description\":\"Private Tours around Barcelona\",\"publisher\":{\"@id\":\"https:\/\/barcelona-discovery.com\/#organization\"},\"potentialAction\":[{\"@type\":\"SearchAction\",\"target\":{\"@type\":\"EntryPoint\",\"urlTemplate\":\"https:\/\/barcelona-discovery.com\/?s={search_term_string}\"},\"query-input\":{\"@type\":\"PropertyValueSpecification\",\"valueRequired\":true,\"valueName\":\"search_term_string\"}}],\"inLanguage\":\"es\"},{\"@type\":\"Organization\",\"@id\":\"https:\/\/barcelona-discovery.com\/#organization\",\"name\":\"Barcelona Discovery\",\"url\":\"https:\/\/barcelona-discovery.com\/\",\"logo\":{\"@type\":\"ImageObject\",\"inLanguage\":\"es\",\"@id\":\"https:\/\/barcelona-discovery.com\/#\/schema\/logo\/image\/\",\"url\":\"https:\/\/barcelona-discovery.com\/wp-content\/uploads\/2024\/02\/logo-linkein.jpg\",\"contentUrl\":\"https:\/\/barcelona-discovery.com\/wp-content\/uploads\/2024\/02\/logo-linkein.jpg\",\"width\":300,\"height\":300,\"caption\":\"Barcelona Discovery\"},\"image\":{\"@id\":\"https:\/\/barcelona-discovery.com\/#\/schema\/logo\/image\/\"},\"sameAs\":[\"https:\/\/www.facebook.com\/BarcelonaDiscovery\/\",\"https:\/\/x.com\/bcn_discovery\",\"https:\/\/www.instagram.com\/barcelonadiscovery\/\",\"https:\/\/www.youtube.com\/channel\/UCwpragtLkdmFTHCzinFQG_g\"]}]}<\/script>\n<!-- \/ Yoast SEO plugin. -->","yoast_head_json":{"title":"Senderismo Guiado por el Parque del Montnegre i el Corredor - Trekking","description":"Ruta circular guiada de senderismo hasta el Dolmen de la Piedra Gentil de Vallgorguina.Conoce el entorno de la mano de un guia y visita el Museo del Bosque.","robots":{"index":"index","follow":"follow","max-snippet":"max-snippet:-1","max-image-preview":"max-image-preview:large","max-video-preview":"max-video-preview:-1"},"canonical":"https:\/\/barcelona-discovery.com\/es\/tours\/ruta-trekking-por-el-parque-del-montnegre-i-el-corredor\/","og_locale":"es_ES","og_type":"article","og_title":"Senderismo Guiado por el Parque del Montnegre i el Corredor - Trekking","og_description":"Ruta circular guiada de senderismo hasta el Dolmen de la Piedra Gentil de Vallgorguina.Conoce el entorno de la mano de un guia y visita el Museo del Bosque.","og_url":"https:\/\/barcelona-discovery.com\/es\/tours\/ruta-trekking-por-el-parque-del-montnegre-i-el-corredor\/","og_site_name":"Barcelona Discovery","article_publisher":"https:\/\/www.facebook.com\/BarcelonaDiscovery\/","article_modified_time":"2021-01-21T17:01:11+00:00","og_image":[{"width":1400,"height":700,"url":"https:\/\/barcelona-discovery.com\/wp-content\/uploads\/2020\/06\/dolmen-vallgorguina.jpg","type":"image\/jpeg"}],"twitter_card":"summary_large_image","twitter_site":"@bcn_discovery","twitter_misc":{"Tiempo de lectura":"2 minutos"},"schema":{"@context":"https:\/\/schema.org","@graph":[{"@type":"WebPage","@id":"https:\/\/barcelona-discovery.com\/es\/tours\/ruta-trekking-por-el-parque-del-montnegre-i-el-corredor\/","url":"https:\/\/barcelona-discovery.com\/es\/tours\/ruta-trekking-por-el-parque-del-montnegre-i-el-corredor\/","name":"Senderismo Guiado por el Parque del Montnegre i el Corredor - Trekking","isPartOf":{"@id":"https:\/\/barcelona-discovery.com\/#website"},"primaryImageOfPage":{"@id":"https:\/\/barcelona-discovery.com\/es\/tours\/ruta-trekking-por-el-parque-del-montnegre-i-el-corredor\/#primaryimage"},"image":{"@id":"https:\/\/barcelona-discovery.com\/es\/tours\/ruta-trekking-por-el-parque-del-montnegre-i-el-corredor\/#primaryimage"},"thumbnailUrl":"https:\/\/barcelona-discovery.com\/wp-content\/uploads\/2020\/06\/dolmen-vallgorguina.jpg","datePublished":"2020-06-17T11:16:30+00:00","dateModified":"2021-01-21T17:01:11+00:00","description":"Ruta circular guiada de senderismo hasta el Dolmen de la Piedra Gentil de Vallgorguina.Conoce el entorno de la mano de un guia y visita el Museo del Bosque.","breadcrumb":{"@id":"https:\/\/barcelona-discovery.com\/es\/tours\/ruta-trekking-por-el-parque-del-montnegre-i-el-corredor\/#breadcrumb"},"inLanguage":"es","potentialAction":[{"@type":"ReadAction","target":["https:\/\/barcelona-discovery.com\/es\/tours\/ruta-trekking-por-el-parque-del-montnegre-i-el-corredor\/"]}]},{"@type":"ImageObject","inLanguage":"es","@id":"https:\/\/barcelona-discovery.com\/es\/tours\/ruta-trekking-por-el-parque-del-montnegre-i-el-corredor\/#primaryimage","url":"https:\/\/barcelona-discovery.com\/wp-content\/uploads\/2020\/06\/dolmen-vallgorguina.jpg","contentUrl":"https:\/\/barcelona-discovery.com\/wp-content\/uploads\/2020\/06\/dolmen-vallgorguina.jpg","width":1400,"height":700,"caption":"Rutas Guiadas"},{"@type":"BreadcrumbList","@id":"https:\/\/barcelona-discovery.com\/es\/tours\/ruta-trekking-por-el-parque-del-montnegre-i-el-corredor\/#breadcrumb","itemListElement":[{"@type":"ListItem","position":1,"name":"Home","item":"https:\/\/barcelona-discovery.com\/es\/"},{"@type":"ListItem","position":2,"name":"Tours","item":"https:\/\/barcelona-discovery.com\/tours\/"},{"@type":"ListItem","position":3,"name":"Ruta guiada- Trekking por el Parque del Montnegre i el Corredor"}]},{"@type":"WebSite","@id":"https:\/\/barcelona-discovery.com\/#website","url":"https:\/\/barcelona-discovery.com\/","name":"Barcelona Discovery","description":"Private Tours around Barcelona","publisher":{"@id":"https:\/\/barcelona-discovery.com\/#organization"},"potentialAction":[{"@type":"SearchAction","target":{"@type":"EntryPoint","urlTemplate":"https:\/\/barcelona-discovery.com\/?s={search_term_string}"},"query-input":{"@type":"PropertyValueSpecification","valueRequired":true,"valueName":"search_term_string"}}],"inLanguage":"es"},{"@type":"Organization","@id":"https:\/\/barcelona-discovery.com\/#organization","name":"Barcelona Discovery","url":"https:\/\/barcelona-discovery.com\/","logo":{"@type":"ImageObject","inLanguage":"es","@id":"https:\/\/barcelona-discovery.com\/#\/schema\/logo\/image\/","url":"https:\/\/barcelona-discovery.com\/wp-content\/uploads\/2024\/02\/logo-linkein.jpg","contentUrl":"https:\/\/barcelona-discovery.com\/wp-content\/uploads\/2024\/02\/logo-linkein.jpg","width":300,"height":300,"caption":"Barcelona Discovery"},"image":{"@id":"https:\/\/barcelona-discovery.com\/#\/schema\/logo\/image\/"},"sameAs":["https:\/\/www.facebook.com\/BarcelonaDiscovery\/","https:\/\/x.com\/bcn_discovery","https:\/\/www.instagram.com\/barcelonadiscovery\/","https:\/\/www.youtube.com\/channel\/UCwpragtLkdmFTHCzinFQG_g"]}]}},"_links":{"self":[{"href":"https:\/\/barcelona-discovery.com\/es\/wp-json\/wp\/v2\/product\/5499","targetHints":{"allow":["GET"]}}],"collection":[{"href":"https:\/\/barcelona-discovery.com\/es\/wp-json\/wp\/v2\/product"}],"about":[{"href":"https:\/\/barcelona-discovery.com\/es\/wp-json\/wp\/v2\/types\/product"}],"replies":[{"embeddable":true,"href":"https:\/\/barcelona-discovery.com\/es\/wp-json\/wp\/v2\/comments?post=5499"}],"wp:featuredmedia":[{"embeddable":true,"href":"https:\/\/barcelona-discovery.com\/es\/wp-json\/wp\/v2\/media\/5510"}],"wp:attachment":[{"href":"https:\/\/barcelona-discovery.com\/es\/wp-json\/wp\/v2\/media?parent=5499"}],"wp:term":[{"taxonomy":"product_brand","embeddable":true,"href":"https:\/\/barcelona-discovery.com\/es\/wp-json\/wp\/v2\/product_brand?post=5499"},{"taxonomy":"product_cat","embeddable":true,"href":"https:\/\/barcelona-discovery.com\/es\/wp-json\/wp\/v2\/product_cat?post=5499"},{"taxonomy":"product_tag","embeddable":true,"href":"https:\/\/barcelona-discovery.com\/es\/wp-json\/wp\/v2\/product_tag?post=5499"}],"curies":[{"name":"wp","href":"https:\/\/api.w.org\/{rel}","templated":true}]}}