{"id":6539,"date":"2021-01-27T20:35:08","date_gmt":"2021-01-28T11:37:05","guid":{"rendered":"https:\/\/barcelona-discovery.com\/?post_type=product&#038;p=6539"},"modified":"2024-04-15T15:26:15","modified_gmt":"2024-04-15T14:26:15","slug":"paseo-guiado-por-el-barrio-de-horta","status":"publish","type":"product","link":"https:\/\/barcelona-discovery.com\/es\/tours\/paseo-guiado-por-el-barrio-de-horta\/","title":{"rendered":"Paseo Guiado por el barrio de Horta"},"content":{"rendered":"<h1>\u00bfConoces los lavaderos del barrio de Horta?<\/h1>\n<p>Ya en el siglo XVII\u00a0 hay constancia de que algunas familias de Barcelona se <strong>hac\u00edan lavar la ropa en Horta<\/strong>. Esta realidad llega hasta el siglo XX, y era gracias a las <strong>lavanderas de Horta<\/strong> que trabajaban a tiempo parcial para completar los ingresos familiares.<\/p>\n<p>En esta <strong>ruta guiada<\/strong> conoceremos los <strong>famosos lavaderos de Horta<\/strong>, muchos de ellos en la calle Aiguafreda, y todas sus curiosidades, pero el antiguo municipio de San Juan de Horta, donde se ha encontrado constancia de asentamientos ya la \u00c9poca romana, tiene mucha m\u00e1s historia para ofrecer.<\/p>\n<p>El agua fue uno de los detonantes que condicion\u00f3 muchos otros oficios: aguadores, curtidores de pieles, curtidores, fabricantes de almid\u00f3n &#8230; la posici\u00f3n privilegiada del barrio de Horta entre la ciudad de Barcelona y la monta\u00f1a de Collserola transform\u00f3 medio centenar de mas\u00edas en<strong> casas de veraneo<\/strong> y, posteriormente, en un barrio densamente poblado que<strong> celebraba como pocos la llegada del tranv\u00eda y, posteriormente, del metro.<\/strong><\/p>\n<p>Ven a revivir todo ello con esta nueva ruta guiada donde descubriremos antiguas mas\u00edas, callejones del n\u00facleo de la antigua villa de Horta, peque\u00f1as plazas, los lavaderos de Horta y elementos singulares, as\u00ed como rincones escondidos.<\/p>\n<p>&nbsp;<\/p>\n<p>&nbsp;<\/p>\n<p>* <strong>Covid-19 &#8211; ATENCI\u00d3N:<\/strong> Debido al Covid-19, establecemos unas medidas de seguridad siguiendo las recomendaciones de las autoridades sanitarias, hasta nuevo aviso. Las salidas ser\u00e1n en grupos reducidos y los gu\u00edas utilizar\u00e1n mascarilla, altavoces o radiogu\u00edas y medidas de distanciamiento adecuadas. Tambi\u00e9n habr\u00e1 unas medidas de obligado cumplimiento por los asistentes:<\/p>\n<ul>\n<li>Uso de mascarilla durante toda la duraci\u00f3n de la actividad.<\/li>\n<li>Mantener 1,5-2 metros de distancia m\u00ednimo entre los participantes.<\/li>\n<li>Se recomienda el uso de gel hidroalcoh\u00f3lico.<\/li>\n<\/ul>\n","protected":false},"excerpt":{"rendered":"<p><strong>Ruta Guiada a Barcelona para los de Casa &#8211; Descubre los lavanderos de Horta<\/strong><\/p>\n","protected":false},"featured_media":6523,"comment_status":"open","ping_status":"closed","template":"","meta":[],"product_brand":[],"product_cat":[157,156,178],"product_tag":[],"class_list":{"0":"post-6539","1":"product","2":"type-product","3":"status-publish","4":"has-post-thumbnail","6":"product_cat-experiencias-terrestres","7":"product_cat-tours-culturales","8":"product_cat-tours-por-barcelona","9":"pa_tour-type-experiencias-terrestres","10":"pa_tour-types-land-experiences-tours-culturales","11":"pa_tour-types-land-experiences-tours-barcelona","13":"first","14":"instock","15":"shipping-taxable","16":"purchasable","17":"product-type-tour_phys"},"yoast_head":"<!-- This site is optimized with the Yoast SEO plugin v26.1.1 - https:\/\/yoast.com\/wordpress\/plugins\/seo\/ -->\n<title>Paseo Guiado por el barrio de Horta - Barcelona Discovery<\/title>\n<meta name=\"robots\" content=\"index, follow, max-snippet:-1, max-image-preview:large, max-video-preview:-1\" \/>\n<link rel=\"canonical\" href=\"https:\/\/barcelona-discovery.com\/es\/producto\/paseo-guiado-por-el-barrio-de-horta\/\" \/>\n<meta property=\"og:locale\" content=\"es_ES\" \/>\n<meta property=\"og:type\" content=\"article\" \/>\n<meta property=\"og:title\" content=\"Paseo Guiado por el barrio de Horta - Barcelona Discovery\" \/>\n<meta property=\"og:description\" content=\"Ruta Guiada a Barcelona para los de Casa - Descubre los lavanderos de Horta\" \/>\n<meta property=\"og:url\" content=\"https:\/\/barcelona-discovery.com\/es\/producto\/paseo-guiado-por-el-barrio-de-horta\/\" \/>\n<meta property=\"og:site_name\" content=\"Barcelona Discovery\" \/>\n<meta property=\"article:publisher\" content=\"https:\/\/www.facebook.com\/BarcelonaDiscovery\/\" \/>\n<meta property=\"article:modified_time\" content=\"2024-04-15T14:26:15+00:00\" \/>\n<meta property=\"og:image\" content=\"https:\/\/barcelona-discovery.com\/wp-content\/uploads\/2021\/01\/ruta-guiada-safarejos-horta.jpg\" \/>\n\t<meta property=\"og:image:width\" content=\"1587\" \/>\n\t<meta property=\"og:image:height\" content=\"855\" \/>\n\t<meta property=\"og:image:type\" content=\"image\/jpeg\" \/>\n<meta name=\"twitter:card\" content=\"summary_large_image\" \/>\n<meta name=\"twitter:site\" content=\"@bcn_discovery\" \/>\n<meta name=\"twitter:label1\" content=\"Tiempo de lectura\" \/>\n\t<meta name=\"twitter:data1\" content=\"1 minuto\" \/>\n<script type=\"application\/ld+json\" class=\"yoast-schema-graph\">{\"@context\":\"https:\/\/schema.org\",\"@graph\":[{\"@type\":\"WebPage\",\"@id\":\"https:\/\/barcelona-discovery.com\/es\/producto\/paseo-guiado-por-el-barrio-de-horta\/\",\"url\":\"https:\/\/barcelona-discovery.com\/es\/producto\/paseo-guiado-por-el-barrio-de-horta\/\",\"name\":\"Paseo Guiado por el barrio de Horta - Barcelona Discovery\",\"isPartOf\":{\"@id\":\"https:\/\/barcelona-discovery.com\/#website\"},\"primaryImageOfPage\":{\"@id\":\"https:\/\/barcelona-discovery.com\/es\/producto\/paseo-guiado-por-el-barrio-de-horta\/#primaryimage\"},\"image\":{\"@id\":\"https:\/\/barcelona-discovery.com\/es\/producto\/paseo-guiado-por-el-barrio-de-horta\/#primaryimage\"},\"thumbnailUrl\":\"https:\/\/barcelona-discovery.com\/wp-content\/uploads\/2021\/01\/ruta-guiada-safarejos-horta.jpg\",\"datePublished\":\"2021-01-28T11:37:05+00:00\",\"dateModified\":\"2024-04-15T14:26:15+00:00\",\"breadcrumb\":{\"@id\":\"https:\/\/barcelona-discovery.com\/es\/producto\/paseo-guiado-por-el-barrio-de-horta\/#breadcrumb\"},\"inLanguage\":\"es\",\"potentialAction\":[{\"@type\":\"ReadAction\",\"target\":[\"https:\/\/barcelona-discovery.com\/es\/producto\/paseo-guiado-por-el-barrio-de-horta\/\"]}]},{\"@type\":\"ImageObject\",\"inLanguage\":\"es\",\"@id\":\"https:\/\/barcelona-discovery.com\/es\/producto\/paseo-guiado-por-el-barrio-de-horta\/#primaryimage\",\"url\":\"https:\/\/barcelona-discovery.com\/wp-content\/uploads\/2021\/01\/ruta-guiada-safarejos-horta.jpg\",\"contentUrl\":\"https:\/\/barcelona-discovery.com\/wp-content\/uploads\/2021\/01\/ruta-guiada-safarejos-horta.jpg\",\"width\":1587,\"height\":855},{\"@type\":\"BreadcrumbList\",\"@id\":\"https:\/\/barcelona-discovery.com\/es\/producto\/paseo-guiado-por-el-barrio-de-horta\/#breadcrumb\",\"itemListElement\":[{\"@type\":\"ListItem\",\"position\":1,\"name\":\"Home\",\"item\":\"https:\/\/barcelona-discovery.com\/es\/\"},{\"@type\":\"ListItem\",\"position\":2,\"name\":\"Tours\",\"item\":\"https:\/\/barcelona-discovery.com\/tours\/\"},{\"@type\":\"ListItem\",\"position\":3,\"name\":\"Paseo Guiado por el barrio de Horta\"}]},{\"@type\":\"WebSite\",\"@id\":\"https:\/\/barcelona-discovery.com\/#website\",\"url\":\"https:\/\/barcelona-discovery.com\/\",\"name\":\"Barcelona Discovery\",\"description\":\"Private Tours around Barcelona\",\"publisher\":{\"@id\":\"https:\/\/barcelona-discovery.com\/#organization\"},\"potentialAction\":[{\"@type\":\"SearchAction\",\"target\":{\"@type\":\"EntryPoint\",\"urlTemplate\":\"https:\/\/barcelona-discovery.com\/?s={search_term_string}\"},\"query-input\":{\"@type\":\"PropertyValueSpecification\",\"valueRequired\":true,\"valueName\":\"search_term_string\"}}],\"inLanguage\":\"es\"},{\"@type\":\"Organization\",\"@id\":\"https:\/\/barcelona-discovery.com\/#organization\",\"name\":\"Barcelona Discovery\",\"url\":\"https:\/\/barcelona-discovery.com\/\",\"logo\":{\"@type\":\"ImageObject\",\"inLanguage\":\"es\",\"@id\":\"https:\/\/barcelona-discovery.com\/#\/schema\/logo\/image\/\",\"url\":\"https:\/\/barcelona-discovery.com\/wp-content\/uploads\/2024\/02\/logo-linkein.jpg\",\"contentUrl\":\"https:\/\/barcelona-discovery.com\/wp-content\/uploads\/2024\/02\/logo-linkein.jpg\",\"width\":300,\"height\":300,\"caption\":\"Barcelona Discovery\"},\"image\":{\"@id\":\"https:\/\/barcelona-discovery.com\/#\/schema\/logo\/image\/\"},\"sameAs\":[\"https:\/\/www.facebook.com\/BarcelonaDiscovery\/\",\"https:\/\/x.com\/bcn_discovery\",\"https:\/\/www.instagram.com\/barcelonadiscovery\/\",\"https:\/\/www.youtube.com\/channel\/UCwpragtLkdmFTHCzinFQG_g\"]}]}<\/script>\n<!-- \/ Yoast SEO plugin. -->","yoast_head_json":{"title":"Paseo Guiado por el barrio de Horta - Barcelona Discovery","robots":{"index":"index","follow":"follow","max-snippet":"max-snippet:-1","max-image-preview":"max-image-preview:large","max-video-preview":"max-video-preview:-1"},"canonical":"https:\/\/barcelona-discovery.com\/es\/producto\/paseo-guiado-por-el-barrio-de-horta\/","og_locale":"es_ES","og_type":"article","og_title":"Paseo Guiado por el barrio de Horta - Barcelona Discovery","og_description":"Ruta Guiada a Barcelona para los de Casa - Descubre los lavanderos de Horta","og_url":"https:\/\/barcelona-discovery.com\/es\/producto\/paseo-guiado-por-el-barrio-de-horta\/","og_site_name":"Barcelona Discovery","article_publisher":"https:\/\/www.facebook.com\/BarcelonaDiscovery\/","article_modified_time":"2024-04-15T14:26:15+00:00","og_image":[{"width":1587,"height":855,"url":"https:\/\/barcelona-discovery.com\/wp-content\/uploads\/2021\/01\/ruta-guiada-safarejos-horta.jpg","type":"image\/jpeg"}],"twitter_card":"summary_large_image","twitter_site":"@bcn_discovery","twitter_misc":{"Tiempo de lectura":"1 minuto"},"schema":{"@context":"https:\/\/schema.org","@graph":[{"@type":"WebPage","@id":"https:\/\/barcelona-discovery.com\/es\/producto\/paseo-guiado-por-el-barrio-de-horta\/","url":"https:\/\/barcelona-discovery.com\/es\/producto\/paseo-guiado-por-el-barrio-de-horta\/","name":"Paseo Guiado por el barrio de Horta - Barcelona Discovery","isPartOf":{"@id":"https:\/\/barcelona-discovery.com\/#website"},"primaryImageOfPage":{"@id":"https:\/\/barcelona-discovery.com\/es\/producto\/paseo-guiado-por-el-barrio-de-horta\/#primaryimage"},"image":{"@id":"https:\/\/barcelona-discovery.com\/es\/producto\/paseo-guiado-por-el-barrio-de-horta\/#primaryimage"},"thumbnailUrl":"https:\/\/barcelona-discovery.com\/wp-content\/uploads\/2021\/01\/ruta-guiada-safarejos-horta.jpg","datePublished":"2021-01-28T11:37:05+00:00","dateModified":"2024-04-15T14:26:15+00:00","breadcrumb":{"@id":"https:\/\/barcelona-discovery.com\/es\/producto\/paseo-guiado-por-el-barrio-de-horta\/#breadcrumb"},"inLanguage":"es","potentialAction":[{"@type":"ReadAction","target":["https:\/\/barcelona-discovery.com\/es\/producto\/paseo-guiado-por-el-barrio-de-horta\/"]}]},{"@type":"ImageObject","inLanguage":"es","@id":"https:\/\/barcelona-discovery.com\/es\/producto\/paseo-guiado-por-el-barrio-de-horta\/#primaryimage","url":"https:\/\/barcelona-discovery.com\/wp-content\/uploads\/2021\/01\/ruta-guiada-safarejos-horta.jpg","contentUrl":"https:\/\/barcelona-discovery.com\/wp-content\/uploads\/2021\/01\/ruta-guiada-safarejos-horta.jpg","width":1587,"height":855},{"@type":"BreadcrumbList","@id":"https:\/\/barcelona-discovery.com\/es\/producto\/paseo-guiado-por-el-barrio-de-horta\/#breadcrumb","itemListElement":[{"@type":"ListItem","position":1,"name":"Home","item":"https:\/\/barcelona-discovery.com\/es\/"},{"@type":"ListItem","position":2,"name":"Tours","item":"https:\/\/barcelona-discovery.com\/tours\/"},{"@type":"ListItem","position":3,"name":"Paseo Guiado por el barrio de Horta"}]},{"@type":"WebSite","@id":"https:\/\/barcelona-discovery.com\/#website","url":"https:\/\/barcelona-discovery.com\/","name":"Barcelona Discovery","description":"Private Tours around Barcelona","publisher":{"@id":"https:\/\/barcelona-discovery.com\/#organization"},"potentialAction":[{"@type":"SearchAction","target":{"@type":"EntryPoint","urlTemplate":"https:\/\/barcelona-discovery.com\/?s={search_term_string}"},"query-input":{"@type":"PropertyValueSpecification","valueRequired":true,"valueName":"search_term_string"}}],"inLanguage":"es"},{"@type":"Organization","@id":"https:\/\/barcelona-discovery.com\/#organization","name":"Barcelona Discovery","url":"https:\/\/barcelona-discovery.com\/","logo":{"@type":"ImageObject","inLanguage":"es","@id":"https:\/\/barcelona-discovery.com\/#\/schema\/logo\/image\/","url":"https:\/\/barcelona-discovery.com\/wp-content\/uploads\/2024\/02\/logo-linkein.jpg","contentUrl":"https:\/\/barcelona-discovery.com\/wp-content\/uploads\/2024\/02\/logo-linkein.jpg","width":300,"height":300,"caption":"Barcelona Discovery"},"image":{"@id":"https:\/\/barcelona-discovery.com\/#\/schema\/logo\/image\/"},"sameAs":["https:\/\/www.facebook.com\/BarcelonaDiscovery\/","https:\/\/x.com\/bcn_discovery","https:\/\/www.instagram.com\/barcelonadiscovery\/","https:\/\/www.youtube.com\/channel\/UCwpragtLkdmFTHCzinFQG_g"]}]}},"_links":{"self":[{"href":"https:\/\/barcelona-discovery.com\/es\/wp-json\/wp\/v2\/product\/6539","targetHints":{"allow":["GET"]}}],"collection":[{"href":"https:\/\/barcelona-discovery.com\/es\/wp-json\/wp\/v2\/product"}],"about":[{"href":"https:\/\/barcelona-discovery.com\/es\/wp-json\/wp\/v2\/types\/product"}],"replies":[{"embeddable":true,"href":"https:\/\/barcelona-discovery.com\/es\/wp-json\/wp\/v2\/comments?post=6539"}],"wp:featuredmedia":[{"embeddable":true,"href":"https:\/\/barcelona-discovery.com\/es\/wp-json\/wp\/v2\/media\/6523"}],"wp:attachment":[{"href":"https:\/\/barcelona-discovery.com\/es\/wp-json\/wp\/v2\/media?parent=6539"}],"wp:term":[{"taxonomy":"product_brand","embeddable":true,"href":"https:\/\/barcelona-discovery.com\/es\/wp-json\/wp\/v2\/product_brand?post=6539"},{"taxonomy":"product_cat","embeddable":true,"href":"https:\/\/barcelona-discovery.com\/es\/wp-json\/wp\/v2\/product_cat?post=6539"},{"taxonomy":"product_tag","embeddable":true,"href":"https:\/\/barcelona-discovery.com\/es\/wp-json\/wp\/v2\/product_tag?post=6539"}],"curies":[{"name":"wp","href":"https:\/\/api.w.org\/{rel}","templated":true}]}}