{"id":6543,"date":"2021-01-26T09:58:14","date_gmt":"2021-01-26T08:58:14","guid":{"rendered":"https:\/\/barcelona-discovery.com\/shop\/ruta-guiada-llegendes-de-barcelona\/"},"modified":"2021-01-29T12:46:05","modified_gmt":"2021-01-29T11:46:05","slug":"ruta-guiada-leyendas-de-barcelona","status":"publish","type":"product","link":"https:\/\/barcelona-discovery.com\/es\/tours\/ruta-guiada-leyendas-de-barcelona\/","title":{"rendered":"Ruta Guiada &#8211; Leyendas de Barcelona"},"content":{"rendered":"<h1><strong>Ruta Guiada en Barcelona para los de casa.<\/strong><\/h1>\n<p>Con esta <strong>salida cultural<\/strong> te proponemos escuchar historias apasionantes que han sido silenciadas durante siglos. Los edificios, las plazas, las fuentes y los rincones m\u00e1s insospechados de la ciudad esconden sus secretos. Calles, barrios y edificios que creemos conocer pero de los que ignoramos su pasado. Nuestro gu\u00eda ha preparado una aventura en las entra\u00f1as de las leyendas y curiosidades de Barcelona. Con esta <strong>ruta guiada por Barcelona<\/strong> descubrir\u00e1s los fascinantes secretos e incre\u00edbles historias callejeando por el centro de la ciudad. Durante nuestra ruta descubrir\u00e1s la entrada al Infierno en Barcelona, \u200b\u200bas\u00ed como varias historias que auguran la destrucci\u00f3n de ciudad. <strong>Punto de Encuentro: Plaza de Carles Pi i Sunyer<\/strong> \u00a0 \u00a0 * <strong>Covid-19 &#8211; ATENCI\u00d3N:<\/strong> Debido al Covid-19, establecemos unas <strong>medidas de seguridad<\/strong> siguiendo las recomendaciones de las autoridades sanitarias, hasta nuevo aviso. Las salidas ser\u00e1n en <strong>grupos reducidos<\/strong> y los gu\u00edas utilizar\u00e1n mascarilla, altavoces o radiogu\u00edas y medidas de distanciamiento adecuadas. Tambi\u00e9n habr\u00e1 unas <strong>medidas de obligado cumplimiento por los asistentes<\/strong>:<\/p>\n<ul>\n<li>Uso de mascarilla durante toda la duraci\u00f3n de la actividad.<\/li>\n<li>Mantener 1,5-2 metros de distancia m\u00ednimo entre los participantes.<\/li>\n<li>Se recomienda el uso de gel hidroalcoh\u00f3lico.<\/li>\n<\/ul>\n","protected":false},"excerpt":{"rendered":"<p><strong>Ruta guiada en Barcelona para los de Casa.<\/strong><\/p>\n","protected":false},"featured_media":2034,"comment_status":"open","ping_status":"closed","template":"","meta":[],"product_brand":[],"product_cat":[157,156,178],"product_tag":[],"class_list":{"0":"post-6543","1":"product","2":"type-product","3":"status-publish","4":"has-post-thumbnail","6":"product_cat-experiencias-terrestres","7":"product_cat-tours-culturales","8":"product_cat-tours-por-barcelona","9":"pa_tour-type-experiencias-terrestres","10":"pa_tour-types-land-experiences-tours-culturales","11":"pa_tour-types-land-experiences-tours-barcelona","13":"first","14":"instock","15":"shipping-taxable","16":"purchasable","17":"product-type-tour_phys"},"yoast_head":"<!-- This site is optimized with the Yoast SEO plugin v26.1.1 - https:\/\/yoast.com\/wordpress\/plugins\/seo\/ -->\n<title>Ruta Guiada en Barcelona para los de casa - Leyendas de Barcelona<\/title>\n<meta name=\"description\" content=\"Con esta ruta guiada a pie te proponemos escuchar historias apasionantes que han sido silenciadas durante siglos. Reserva ahora tu plaza!\" \/>\n<meta name=\"robots\" content=\"index, follow, max-snippet:-1, max-image-preview:large, max-video-preview:-1\" \/>\n<link rel=\"canonical\" href=\"https:\/\/barcelona-discovery.com\/es\/producto\/ruta-guiada-leyendas-de-barcelona\/\" \/>\n<meta property=\"og:locale\" content=\"es_ES\" \/>\n<meta property=\"og:type\" content=\"article\" \/>\n<meta property=\"og:title\" content=\"Ruta Guiada en Barcelona para los de casa - Leyendas de Barcelona\" \/>\n<meta property=\"og:description\" content=\"Con esta ruta guiada a pie te proponemos escuchar historias apasionantes que han sido silenciadas durante siglos. Reserva ahora tu plaza!\" \/>\n<meta property=\"og:url\" content=\"https:\/\/barcelona-discovery.com\/es\/producto\/ruta-guiada-leyendas-de-barcelona\/\" \/>\n<meta property=\"og:site_name\" content=\"Barcelona Discovery\" \/>\n<meta property=\"article:publisher\" content=\"https:\/\/www.facebook.com\/BarcelonaDiscovery\/\" \/>\n<meta property=\"article:modified_time\" content=\"2021-01-29T11:46:05+00:00\" \/>\n<meta property=\"og:image\" content=\"https:\/\/barcelona-discovery.com\/wp-content\/uploads\/2017\/08\/pla\u00e7a-del-rei2.jpg\" \/>\n\t<meta property=\"og:image:width\" content=\"1400\" \/>\n\t<meta property=\"og:image:height\" content=\"700\" \/>\n\t<meta property=\"og:image:type\" content=\"image\/jpeg\" \/>\n<meta name=\"twitter:card\" content=\"summary_large_image\" \/>\n<meta name=\"twitter:site\" content=\"@bcn_discovery\" \/>\n<meta name=\"twitter:label1\" content=\"Tiempo de lectura\" \/>\n\t<meta name=\"twitter:data1\" content=\"1 minuto\" \/>\n<script type=\"application\/ld+json\" class=\"yoast-schema-graph\">{\"@context\":\"https:\/\/schema.org\",\"@graph\":[{\"@type\":\"WebPage\",\"@id\":\"https:\/\/barcelona-discovery.com\/es\/producto\/ruta-guiada-leyendas-de-barcelona\/\",\"url\":\"https:\/\/barcelona-discovery.com\/es\/producto\/ruta-guiada-leyendas-de-barcelona\/\",\"name\":\"Ruta Guiada en Barcelona para los de casa - Leyendas de Barcelona\",\"isPartOf\":{\"@id\":\"https:\/\/barcelona-discovery.com\/#website\"},\"primaryImageOfPage\":{\"@id\":\"https:\/\/barcelona-discovery.com\/es\/producto\/ruta-guiada-leyendas-de-barcelona\/#primaryimage\"},\"image\":{\"@id\":\"https:\/\/barcelona-discovery.com\/es\/producto\/ruta-guiada-leyendas-de-barcelona\/#primaryimage\"},\"thumbnailUrl\":\"https:\/\/barcelona-discovery.com\/wp-content\/uploads\/2017\/08\/pla\u00e7a-del-rei2.jpg\",\"datePublished\":\"2021-01-26T08:58:14+00:00\",\"dateModified\":\"2021-01-29T11:46:05+00:00\",\"description\":\"Con esta ruta guiada a pie te proponemos escuchar historias apasionantes que han sido silenciadas durante siglos. Reserva ahora tu plaza!\",\"breadcrumb\":{\"@id\":\"https:\/\/barcelona-discovery.com\/es\/producto\/ruta-guiada-leyendas-de-barcelona\/#breadcrumb\"},\"inLanguage\":\"es\",\"potentialAction\":[{\"@type\":\"ReadAction\",\"target\":[\"https:\/\/barcelona-discovery.com\/es\/producto\/ruta-guiada-leyendas-de-barcelona\/\"]}]},{\"@type\":\"ImageObject\",\"inLanguage\":\"es\",\"@id\":\"https:\/\/barcelona-discovery.com\/es\/producto\/ruta-guiada-leyendas-de-barcelona\/#primaryimage\",\"url\":\"https:\/\/barcelona-discovery.com\/wp-content\/uploads\/2017\/08\/pla\u00e7a-del-rei2.jpg\",\"contentUrl\":\"https:\/\/barcelona-discovery.com\/wp-content\/uploads\/2017\/08\/pla\u00e7a-del-rei2.jpg\",\"width\":1400,\"height\":700,\"caption\":\"leyendas de Barcelona\"},{\"@type\":\"BreadcrumbList\",\"@id\":\"https:\/\/barcelona-discovery.com\/es\/producto\/ruta-guiada-leyendas-de-barcelona\/#breadcrumb\",\"itemListElement\":[{\"@type\":\"ListItem\",\"position\":1,\"name\":\"Home\",\"item\":\"https:\/\/barcelona-discovery.com\/es\/\"},{\"@type\":\"ListItem\",\"position\":2,\"name\":\"Tours\",\"item\":\"https:\/\/barcelona-discovery.com\/tours\/\"},{\"@type\":\"ListItem\",\"position\":3,\"name\":\"Ruta Guiada &#8211; Leyendas de Barcelona\"}]},{\"@type\":\"WebSite\",\"@id\":\"https:\/\/barcelona-discovery.com\/#website\",\"url\":\"https:\/\/barcelona-discovery.com\/\",\"name\":\"Barcelona Discovery\",\"description\":\"Private Tours around Barcelona\",\"publisher\":{\"@id\":\"https:\/\/barcelona-discovery.com\/#organization\"},\"potentialAction\":[{\"@type\":\"SearchAction\",\"target\":{\"@type\":\"EntryPoint\",\"urlTemplate\":\"https:\/\/barcelona-discovery.com\/?s={search_term_string}\"},\"query-input\":{\"@type\":\"PropertyValueSpecification\",\"valueRequired\":true,\"valueName\":\"search_term_string\"}}],\"inLanguage\":\"es\"},{\"@type\":\"Organization\",\"@id\":\"https:\/\/barcelona-discovery.com\/#organization\",\"name\":\"Barcelona Discovery\",\"url\":\"https:\/\/barcelona-discovery.com\/\",\"logo\":{\"@type\":\"ImageObject\",\"inLanguage\":\"es\",\"@id\":\"https:\/\/barcelona-discovery.com\/#\/schema\/logo\/image\/\",\"url\":\"https:\/\/barcelona-discovery.com\/wp-content\/uploads\/2024\/02\/logo-linkein.jpg\",\"contentUrl\":\"https:\/\/barcelona-discovery.com\/wp-content\/uploads\/2024\/02\/logo-linkein.jpg\",\"width\":300,\"height\":300,\"caption\":\"Barcelona Discovery\"},\"image\":{\"@id\":\"https:\/\/barcelona-discovery.com\/#\/schema\/logo\/image\/\"},\"sameAs\":[\"https:\/\/www.facebook.com\/BarcelonaDiscovery\/\",\"https:\/\/x.com\/bcn_discovery\",\"https:\/\/www.instagram.com\/barcelonadiscovery\/\",\"https:\/\/www.youtube.com\/channel\/UCwpragtLkdmFTHCzinFQG_g\"]}]}<\/script>\n<!-- \/ Yoast SEO plugin. -->","yoast_head_json":{"title":"Ruta Guiada en Barcelona para los de casa - Leyendas de Barcelona","description":"Con esta ruta guiada a pie te proponemos escuchar historias apasionantes que han sido silenciadas durante siglos. Reserva ahora tu plaza!","robots":{"index":"index","follow":"follow","max-snippet":"max-snippet:-1","max-image-preview":"max-image-preview:large","max-video-preview":"max-video-preview:-1"},"canonical":"https:\/\/barcelona-discovery.com\/es\/producto\/ruta-guiada-leyendas-de-barcelona\/","og_locale":"es_ES","og_type":"article","og_title":"Ruta Guiada en Barcelona para los de casa - Leyendas de Barcelona","og_description":"Con esta ruta guiada a pie te proponemos escuchar historias apasionantes que han sido silenciadas durante siglos. Reserva ahora tu plaza!","og_url":"https:\/\/barcelona-discovery.com\/es\/producto\/ruta-guiada-leyendas-de-barcelona\/","og_site_name":"Barcelona Discovery","article_publisher":"https:\/\/www.facebook.com\/BarcelonaDiscovery\/","article_modified_time":"2021-01-29T11:46:05+00:00","og_image":[{"width":1400,"height":700,"url":"https:\/\/barcelona-discovery.com\/wp-content\/uploads\/2017\/08\/pla\u00e7a-del-rei2.jpg","type":"image\/jpeg"}],"twitter_card":"summary_large_image","twitter_site":"@bcn_discovery","twitter_misc":{"Tiempo de lectura":"1 minuto"},"schema":{"@context":"https:\/\/schema.org","@graph":[{"@type":"WebPage","@id":"https:\/\/barcelona-discovery.com\/es\/producto\/ruta-guiada-leyendas-de-barcelona\/","url":"https:\/\/barcelona-discovery.com\/es\/producto\/ruta-guiada-leyendas-de-barcelona\/","name":"Ruta Guiada en Barcelona para los de casa - Leyendas de Barcelona","isPartOf":{"@id":"https:\/\/barcelona-discovery.com\/#website"},"primaryImageOfPage":{"@id":"https:\/\/barcelona-discovery.com\/es\/producto\/ruta-guiada-leyendas-de-barcelona\/#primaryimage"},"image":{"@id":"https:\/\/barcelona-discovery.com\/es\/producto\/ruta-guiada-leyendas-de-barcelona\/#primaryimage"},"thumbnailUrl":"https:\/\/barcelona-discovery.com\/wp-content\/uploads\/2017\/08\/pla\u00e7a-del-rei2.jpg","datePublished":"2021-01-26T08:58:14+00:00","dateModified":"2021-01-29T11:46:05+00:00","description":"Con esta ruta guiada a pie te proponemos escuchar historias apasionantes que han sido silenciadas durante siglos. Reserva ahora tu plaza!","breadcrumb":{"@id":"https:\/\/barcelona-discovery.com\/es\/producto\/ruta-guiada-leyendas-de-barcelona\/#breadcrumb"},"inLanguage":"es","potentialAction":[{"@type":"ReadAction","target":["https:\/\/barcelona-discovery.com\/es\/producto\/ruta-guiada-leyendas-de-barcelona\/"]}]},{"@type":"ImageObject","inLanguage":"es","@id":"https:\/\/barcelona-discovery.com\/es\/producto\/ruta-guiada-leyendas-de-barcelona\/#primaryimage","url":"https:\/\/barcelona-discovery.com\/wp-content\/uploads\/2017\/08\/pla\u00e7a-del-rei2.jpg","contentUrl":"https:\/\/barcelona-discovery.com\/wp-content\/uploads\/2017\/08\/pla\u00e7a-del-rei2.jpg","width":1400,"height":700,"caption":"leyendas de Barcelona"},{"@type":"BreadcrumbList","@id":"https:\/\/barcelona-discovery.com\/es\/producto\/ruta-guiada-leyendas-de-barcelona\/#breadcrumb","itemListElement":[{"@type":"ListItem","position":1,"name":"Home","item":"https:\/\/barcelona-discovery.com\/es\/"},{"@type":"ListItem","position":2,"name":"Tours","item":"https:\/\/barcelona-discovery.com\/tours\/"},{"@type":"ListItem","position":3,"name":"Ruta Guiada &#8211; Leyendas de Barcelona"}]},{"@type":"WebSite","@id":"https:\/\/barcelona-discovery.com\/#website","url":"https:\/\/barcelona-discovery.com\/","name":"Barcelona Discovery","description":"Private Tours around Barcelona","publisher":{"@id":"https:\/\/barcelona-discovery.com\/#organization"},"potentialAction":[{"@type":"SearchAction","target":{"@type":"EntryPoint","urlTemplate":"https:\/\/barcelona-discovery.com\/?s={search_term_string}"},"query-input":{"@type":"PropertyValueSpecification","valueRequired":true,"valueName":"search_term_string"}}],"inLanguage":"es"},{"@type":"Organization","@id":"https:\/\/barcelona-discovery.com\/#organization","name":"Barcelona Discovery","url":"https:\/\/barcelona-discovery.com\/","logo":{"@type":"ImageObject","inLanguage":"es","@id":"https:\/\/barcelona-discovery.com\/#\/schema\/logo\/image\/","url":"https:\/\/barcelona-discovery.com\/wp-content\/uploads\/2024\/02\/logo-linkein.jpg","contentUrl":"https:\/\/barcelona-discovery.com\/wp-content\/uploads\/2024\/02\/logo-linkein.jpg","width":300,"height":300,"caption":"Barcelona Discovery"},"image":{"@id":"https:\/\/barcelona-discovery.com\/#\/schema\/logo\/image\/"},"sameAs":["https:\/\/www.facebook.com\/BarcelonaDiscovery\/","https:\/\/x.com\/bcn_discovery","https:\/\/www.instagram.com\/barcelonadiscovery\/","https:\/\/www.youtube.com\/channel\/UCwpragtLkdmFTHCzinFQG_g"]}]}},"_links":{"self":[{"href":"https:\/\/barcelona-discovery.com\/es\/wp-json\/wp\/v2\/product\/6543","targetHints":{"allow":["GET"]}}],"collection":[{"href":"https:\/\/barcelona-discovery.com\/es\/wp-json\/wp\/v2\/product"}],"about":[{"href":"https:\/\/barcelona-discovery.com\/es\/wp-json\/wp\/v2\/types\/product"}],"replies":[{"embeddable":true,"href":"https:\/\/barcelona-discovery.com\/es\/wp-json\/wp\/v2\/comments?post=6543"}],"wp:featuredmedia":[{"embeddable":true,"href":"https:\/\/barcelona-discovery.com\/es\/wp-json\/wp\/v2\/media\/2034"}],"wp:attachment":[{"href":"https:\/\/barcelona-discovery.com\/es\/wp-json\/wp\/v2\/media?parent=6543"}],"wp:term":[{"taxonomy":"product_brand","embeddable":true,"href":"https:\/\/barcelona-discovery.com\/es\/wp-json\/wp\/v2\/product_brand?post=6543"},{"taxonomy":"product_cat","embeddable":true,"href":"https:\/\/barcelona-discovery.com\/es\/wp-json\/wp\/v2\/product_cat?post=6543"},{"taxonomy":"product_tag","embeddable":true,"href":"https:\/\/barcelona-discovery.com\/es\/wp-json\/wp\/v2\/product_tag?post=6543"}],"curies":[{"name":"wp","href":"https:\/\/api.w.org\/{rel}","templated":true}]}}