{"id":6555,"date":"2020-07-23T15:58:50","date_gmt":"2020-07-23T14:58:50","guid":{"rendered":"https:\/\/barcelona-discovery.com\/shop\/ruta-de-barcelona-para-los-de-casa-la-vila-de-los-artistas\/"},"modified":"2021-01-29T12:16:42","modified_gmt":"2021-01-29T11:16:42","slug":"ruta-de-barcelona-para-los-de-casa-la-vila-de-los-artistas","status":"publish","type":"product","link":"https:\/\/barcelona-discovery.com\/es\/tours\/ruta-de-barcelona-para-los-de-casa-la-vila-de-los-artistas\/","title":{"rendered":"Ruta de Barcelona para los de Casa &#8211; La Vila de los Artistas"},"content":{"rendered":"<p>Con este<strong> ruta guiada<\/strong> por el barrio de Gracia, iremos de la <strong>Plaza Lesseps en la Plaza de la Vila.<\/strong><\/p>\n<p>Visitando mas\u00edas, casas modernistas y la hasta hoy bastante desconocida Casa Vicens.<\/p>\n<p>En esta<strong> ruta guiada<\/strong> recorreremos un barrio lleno de contrastes, de la <strong>Gracia burguesa<\/strong> de Gaud\u00ed en la Plaza del Diamante, de refugios escondidos, a la <strong>Gracia revolucionaria<\/strong> de f\u00e1bricas y cooperativas, las calles Fraternidad y Peligro, donde l\u00edderes obreros buscaban cambiar el mundo. Y tambi\u00e9n nos adentraremos en el coraz\u00f3n del barrio gitano, del Pescailla y del Gato P\u00e9rez.<\/p>\n<p>El gu\u00eda oficial le explicar\u00e1 la evoluci\u00f3n hist\u00f3rica de este barrio ic\u00f3nico de la ciudad de Barcelona.<\/p>\n","protected":false},"excerpt":{"rendered":"<p><strong>Ruta Guiada en Barcelona para los de casa<\/strong><\/p>\n","protected":false},"featured_media":5678,"comment_status":"open","ping_status":"closed","template":"","meta":[],"product_brand":[],"product_cat":[297],"product_tag":[],"class_list":{"0":"post-6555","1":"product","2":"type-product","3":"status-publish","4":"has-post-thumbnail","6":"product_cat-uncategorized","7":"pa_tour-type-experiencias-terrestres","8":"pa_tour-types-land-experiences-tours-culturales","9":"pa_tour-types-land-experiences-tours-barcelona","11":"first","12":"instock","13":"shipping-taxable","14":"purchasable","15":"product-type-tour_phys"},"yoast_head":"<!-- This site is optimized with the Yoast SEO plugin v26.1.1 - https:\/\/yoast.com\/wordpress\/plugins\/seo\/ -->\n<title>Ruta guiada de Barcelona para los decasa - La Vila dels artistas - Gr\u00e0cia<\/title>\n<meta name=\"description\" content=\"De la Plaza Lesseps en la Plaza de la Villa a pie visitando mas\u00edas, casas modernistas y la hasta hoy fuerza desconocida Casa Vicens\" \/>\n<meta name=\"robots\" content=\"index, follow, max-snippet:-1, max-image-preview:large, max-video-preview:-1\" \/>\n<link rel=\"canonical\" href=\"https:\/\/barcelona-discovery.com\/es\/producto\/ruta-de-barcelona-para-los-de-casa-la-vila-de-los-artistas\/\" \/>\n<meta property=\"og:locale\" content=\"es_ES\" \/>\n<meta property=\"og:type\" content=\"article\" \/>\n<meta property=\"og:title\" content=\"Ruta guiada de Barcelona para los decasa - La Vila dels artistas - Gr\u00e0cia\" \/>\n<meta property=\"og:description\" content=\"De la Plaza Lesseps en la Plaza de la Villa a pie visitando mas\u00edas, casas modernistas y la hasta hoy fuerza desconocida Casa Vicens\" \/>\n<meta property=\"og:url\" content=\"https:\/\/barcelona-discovery.com\/es\/producto\/ruta-de-barcelona-para-los-de-casa-la-vila-de-los-artistas\/\" \/>\n<meta property=\"og:site_name\" content=\"Barcelona Discovery\" \/>\n<meta property=\"article:publisher\" content=\"https:\/\/www.facebook.com\/BarcelonaDiscovery\/\" \/>\n<meta property=\"article:modified_time\" content=\"2021-01-29T11:16:42+00:00\" \/>\n<meta property=\"og:image\" content=\"https:\/\/barcelona-discovery.com\/wp-content\/uploads\/2020\/07\/ruta-per-gracia.jpeg\" \/>\n\t<meta property=\"og:image:width\" content=\"1024\" \/>\n\t<meta property=\"og:image:height\" content=\"639\" \/>\n\t<meta property=\"og:image:type\" content=\"image\/jpeg\" \/>\n<meta name=\"twitter:card\" content=\"summary_large_image\" \/>\n<meta name=\"twitter:site\" content=\"@bcn_discovery\" \/>\n<meta name=\"twitter:label1\" content=\"Tiempo de lectura\" \/>\n\t<meta name=\"twitter:data1\" content=\"1 minuto\" \/>\n<script type=\"application\/ld+json\" class=\"yoast-schema-graph\">{\"@context\":\"https:\/\/schema.org\",\"@graph\":[{\"@type\":\"WebPage\",\"@id\":\"https:\/\/barcelona-discovery.com\/es\/producto\/ruta-de-barcelona-para-los-de-casa-la-vila-de-los-artistas\/\",\"url\":\"https:\/\/barcelona-discovery.com\/es\/producto\/ruta-de-barcelona-para-los-de-casa-la-vila-de-los-artistas\/\",\"name\":\"Ruta guiada de Barcelona para los decasa - La Vila dels artistas - Gr\u00e0cia\",\"isPartOf\":{\"@id\":\"https:\/\/barcelona-discovery.com\/#website\"},\"primaryImageOfPage\":{\"@id\":\"https:\/\/barcelona-discovery.com\/es\/producto\/ruta-de-barcelona-para-los-de-casa-la-vila-de-los-artistas\/#primaryimage\"},\"image\":{\"@id\":\"https:\/\/barcelona-discovery.com\/es\/producto\/ruta-de-barcelona-para-los-de-casa-la-vila-de-los-artistas\/#primaryimage\"},\"thumbnailUrl\":\"https:\/\/barcelona-discovery.com\/wp-content\/uploads\/2020\/07\/ruta-per-gracia.jpeg\",\"datePublished\":\"2020-07-23T14:58:50+00:00\",\"dateModified\":\"2021-01-29T11:16:42+00:00\",\"description\":\"De la Plaza Lesseps en la Plaza de la Villa a pie visitando mas\u00edas, casas modernistas y la hasta hoy fuerza desconocida Casa Vicens\",\"breadcrumb\":{\"@id\":\"https:\/\/barcelona-discovery.com\/es\/producto\/ruta-de-barcelona-para-los-de-casa-la-vila-de-los-artistas\/#breadcrumb\"},\"inLanguage\":\"es\",\"potentialAction\":[{\"@type\":\"ReadAction\",\"target\":[\"https:\/\/barcelona-discovery.com\/es\/producto\/ruta-de-barcelona-para-los-de-casa-la-vila-de-los-artistas\/\"]}]},{\"@type\":\"ImageObject\",\"inLanguage\":\"es\",\"@id\":\"https:\/\/barcelona-discovery.com\/es\/producto\/ruta-de-barcelona-para-los-de-casa-la-vila-de-los-artistas\/#primaryimage\",\"url\":\"https:\/\/barcelona-discovery.com\/wp-content\/uploads\/2020\/07\/ruta-per-gracia.jpeg\",\"contentUrl\":\"https:\/\/barcelona-discovery.com\/wp-content\/uploads\/2020\/07\/ruta-per-gracia.jpeg\",\"width\":1024,\"height\":639},{\"@type\":\"BreadcrumbList\",\"@id\":\"https:\/\/barcelona-discovery.com\/es\/producto\/ruta-de-barcelona-para-los-de-casa-la-vila-de-los-artistas\/#breadcrumb\",\"itemListElement\":[{\"@type\":\"ListItem\",\"position\":1,\"name\":\"Home\",\"item\":\"https:\/\/barcelona-discovery.com\/es\/\"},{\"@type\":\"ListItem\",\"position\":2,\"name\":\"Tours\",\"item\":\"https:\/\/barcelona-discovery.com\/tours\/\"},{\"@type\":\"ListItem\",\"position\":3,\"name\":\"Ruta de Barcelona para los de Casa &#8211; La Vila de los Artistas\"}]},{\"@type\":\"WebSite\",\"@id\":\"https:\/\/barcelona-discovery.com\/#website\",\"url\":\"https:\/\/barcelona-discovery.com\/\",\"name\":\"Barcelona Discovery\",\"description\":\"Private Tours around Barcelona\",\"publisher\":{\"@id\":\"https:\/\/barcelona-discovery.com\/#organization\"},\"potentialAction\":[{\"@type\":\"SearchAction\",\"target\":{\"@type\":\"EntryPoint\",\"urlTemplate\":\"https:\/\/barcelona-discovery.com\/?s={search_term_string}\"},\"query-input\":{\"@type\":\"PropertyValueSpecification\",\"valueRequired\":true,\"valueName\":\"search_term_string\"}}],\"inLanguage\":\"es\"},{\"@type\":\"Organization\",\"@id\":\"https:\/\/barcelona-discovery.com\/#organization\",\"name\":\"Barcelona Discovery\",\"url\":\"https:\/\/barcelona-discovery.com\/\",\"logo\":{\"@type\":\"ImageObject\",\"inLanguage\":\"es\",\"@id\":\"https:\/\/barcelona-discovery.com\/#\/schema\/logo\/image\/\",\"url\":\"https:\/\/barcelona-discovery.com\/wp-content\/uploads\/2024\/02\/logo-linkein.jpg\",\"contentUrl\":\"https:\/\/barcelona-discovery.com\/wp-content\/uploads\/2024\/02\/logo-linkein.jpg\",\"width\":300,\"height\":300,\"caption\":\"Barcelona Discovery\"},\"image\":{\"@id\":\"https:\/\/barcelona-discovery.com\/#\/schema\/logo\/image\/\"},\"sameAs\":[\"https:\/\/www.facebook.com\/BarcelonaDiscovery\/\",\"https:\/\/x.com\/bcn_discovery\",\"https:\/\/www.instagram.com\/barcelonadiscovery\/\",\"https:\/\/www.youtube.com\/channel\/UCwpragtLkdmFTHCzinFQG_g\"]}]}<\/script>\n<!-- \/ Yoast SEO plugin. -->","yoast_head_json":{"title":"Ruta guiada de Barcelona para los decasa - La Vila dels artistas - Gr\u00e0cia","description":"De la Plaza Lesseps en la Plaza de la Villa a pie visitando mas\u00edas, casas modernistas y la hasta hoy fuerza desconocida Casa Vicens","robots":{"index":"index","follow":"follow","max-snippet":"max-snippet:-1","max-image-preview":"max-image-preview:large","max-video-preview":"max-video-preview:-1"},"canonical":"https:\/\/barcelona-discovery.com\/es\/producto\/ruta-de-barcelona-para-los-de-casa-la-vila-de-los-artistas\/","og_locale":"es_ES","og_type":"article","og_title":"Ruta guiada de Barcelona para los decasa - La Vila dels artistas - Gr\u00e0cia","og_description":"De la Plaza Lesseps en la Plaza de la Villa a pie visitando mas\u00edas, casas modernistas y la hasta hoy fuerza desconocida Casa Vicens","og_url":"https:\/\/barcelona-discovery.com\/es\/producto\/ruta-de-barcelona-para-los-de-casa-la-vila-de-los-artistas\/","og_site_name":"Barcelona Discovery","article_publisher":"https:\/\/www.facebook.com\/BarcelonaDiscovery\/","article_modified_time":"2021-01-29T11:16:42+00:00","og_image":[{"width":1024,"height":639,"url":"https:\/\/barcelona-discovery.com\/wp-content\/uploads\/2020\/07\/ruta-per-gracia.jpeg","type":"image\/jpeg"}],"twitter_card":"summary_large_image","twitter_site":"@bcn_discovery","twitter_misc":{"Tiempo de lectura":"1 minuto"},"schema":{"@context":"https:\/\/schema.org","@graph":[{"@type":"WebPage","@id":"https:\/\/barcelona-discovery.com\/es\/producto\/ruta-de-barcelona-para-los-de-casa-la-vila-de-los-artistas\/","url":"https:\/\/barcelona-discovery.com\/es\/producto\/ruta-de-barcelona-para-los-de-casa-la-vila-de-los-artistas\/","name":"Ruta guiada de Barcelona para los decasa - La Vila dels artistas - Gr\u00e0cia","isPartOf":{"@id":"https:\/\/barcelona-discovery.com\/#website"},"primaryImageOfPage":{"@id":"https:\/\/barcelona-discovery.com\/es\/producto\/ruta-de-barcelona-para-los-de-casa-la-vila-de-los-artistas\/#primaryimage"},"image":{"@id":"https:\/\/barcelona-discovery.com\/es\/producto\/ruta-de-barcelona-para-los-de-casa-la-vila-de-los-artistas\/#primaryimage"},"thumbnailUrl":"https:\/\/barcelona-discovery.com\/wp-content\/uploads\/2020\/07\/ruta-per-gracia.jpeg","datePublished":"2020-07-23T14:58:50+00:00","dateModified":"2021-01-29T11:16:42+00:00","description":"De la Plaza Lesseps en la Plaza de la Villa a pie visitando mas\u00edas, casas modernistas y la hasta hoy fuerza desconocida Casa Vicens","breadcrumb":{"@id":"https:\/\/barcelona-discovery.com\/es\/producto\/ruta-de-barcelona-para-los-de-casa-la-vila-de-los-artistas\/#breadcrumb"},"inLanguage":"es","potentialAction":[{"@type":"ReadAction","target":["https:\/\/barcelona-discovery.com\/es\/producto\/ruta-de-barcelona-para-los-de-casa-la-vila-de-los-artistas\/"]}]},{"@type":"ImageObject","inLanguage":"es","@id":"https:\/\/barcelona-discovery.com\/es\/producto\/ruta-de-barcelona-para-los-de-casa-la-vila-de-los-artistas\/#primaryimage","url":"https:\/\/barcelona-discovery.com\/wp-content\/uploads\/2020\/07\/ruta-per-gracia.jpeg","contentUrl":"https:\/\/barcelona-discovery.com\/wp-content\/uploads\/2020\/07\/ruta-per-gracia.jpeg","width":1024,"height":639},{"@type":"BreadcrumbList","@id":"https:\/\/barcelona-discovery.com\/es\/producto\/ruta-de-barcelona-para-los-de-casa-la-vila-de-los-artistas\/#breadcrumb","itemListElement":[{"@type":"ListItem","position":1,"name":"Home","item":"https:\/\/barcelona-discovery.com\/es\/"},{"@type":"ListItem","position":2,"name":"Tours","item":"https:\/\/barcelona-discovery.com\/tours\/"},{"@type":"ListItem","position":3,"name":"Ruta de Barcelona para los de Casa &#8211; La Vila de los Artistas"}]},{"@type":"WebSite","@id":"https:\/\/barcelona-discovery.com\/#website","url":"https:\/\/barcelona-discovery.com\/","name":"Barcelona Discovery","description":"Private Tours around Barcelona","publisher":{"@id":"https:\/\/barcelona-discovery.com\/#organization"},"potentialAction":[{"@type":"SearchAction","target":{"@type":"EntryPoint","urlTemplate":"https:\/\/barcelona-discovery.com\/?s={search_term_string}"},"query-input":{"@type":"PropertyValueSpecification","valueRequired":true,"valueName":"search_term_string"}}],"inLanguage":"es"},{"@type":"Organization","@id":"https:\/\/barcelona-discovery.com\/#organization","name":"Barcelona Discovery","url":"https:\/\/barcelona-discovery.com\/","logo":{"@type":"ImageObject","inLanguage":"es","@id":"https:\/\/barcelona-discovery.com\/#\/schema\/logo\/image\/","url":"https:\/\/barcelona-discovery.com\/wp-content\/uploads\/2024\/02\/logo-linkein.jpg","contentUrl":"https:\/\/barcelona-discovery.com\/wp-content\/uploads\/2024\/02\/logo-linkein.jpg","width":300,"height":300,"caption":"Barcelona Discovery"},"image":{"@id":"https:\/\/barcelona-discovery.com\/#\/schema\/logo\/image\/"},"sameAs":["https:\/\/www.facebook.com\/BarcelonaDiscovery\/","https:\/\/x.com\/bcn_discovery","https:\/\/www.instagram.com\/barcelonadiscovery\/","https:\/\/www.youtube.com\/channel\/UCwpragtLkdmFTHCzinFQG_g"]}]}},"_links":{"self":[{"href":"https:\/\/barcelona-discovery.com\/es\/wp-json\/wp\/v2\/product\/6555","targetHints":{"allow":["GET"]}}],"collection":[{"href":"https:\/\/barcelona-discovery.com\/es\/wp-json\/wp\/v2\/product"}],"about":[{"href":"https:\/\/barcelona-discovery.com\/es\/wp-json\/wp\/v2\/types\/product"}],"replies":[{"embeddable":true,"href":"https:\/\/barcelona-discovery.com\/es\/wp-json\/wp\/v2\/comments?post=6555"}],"wp:featuredmedia":[{"embeddable":true,"href":"https:\/\/barcelona-discovery.com\/es\/wp-json\/wp\/v2\/media\/5678"}],"wp:attachment":[{"href":"https:\/\/barcelona-discovery.com\/es\/wp-json\/wp\/v2\/media?parent=6555"}],"wp:term":[{"taxonomy":"product_brand","embeddable":true,"href":"https:\/\/barcelona-discovery.com\/es\/wp-json\/wp\/v2\/product_brand?post=6555"},{"taxonomy":"product_cat","embeddable":true,"href":"https:\/\/barcelona-discovery.com\/es\/wp-json\/wp\/v2\/product_cat?post=6555"},{"taxonomy":"product_tag","embeddable":true,"href":"https:\/\/barcelona-discovery.com\/es\/wp-json\/wp\/v2\/product_tag?post=6555"}],"curies":[{"name":"wp","href":"https:\/\/api.w.org\/{rel}","templated":true}]}}