{"id":6556,"date":"2020-07-23T16:30:31","date_gmt":"2020-07-23T15:30:31","guid":{"rendered":"https:\/\/barcelona-discovery.com\/shop\/ruta-guiada-paseando-con-el-sr-gaudi\/"},"modified":"2020-07-23T16:30:31","modified_gmt":"2020-07-23T15:30:31","slug":"ruta-guiada-paseando-con-el-sr-gaudi","status":"publish","type":"product","link":"https:\/\/barcelona-discovery.com\/es\/tours\/ruta-guiada-paseando-con-el-sr-gaudi\/","title":{"rendered":"Ruta Guiada &#8211; Paseando con el Sr. Gaud\u00ed"},"content":{"rendered":"<p><strong>Antoni Gaud\u00ed<\/strong> viv\u00eda en el Parque G\u00fcell con su padre y su sobrina y se propuso caminar por lo menos 10 km al d\u00eda. Con esta ruta guiada haremos el itinerario preciso que hac\u00eda Antoni Gaud\u00ed. Le encantaba caminar !!<\/p>\n<p>Esta <strong>ruta guiada<\/strong> es un paseo desde el Parque G\u00fcell hasta la Iglesia de Sant Felip Neri (el casco antiguo). Queremos ense\u00f1ar Barcelona a trav\u00e9s de sus ojos.<\/p>\n<p>Un gu\u00eda e historiador del arte especializado en Gaud\u00ed har\u00e1 que este paseo sea inolvidable.<\/p>\n<p>En esta ruta guiada Antoni Gaud\u00ed pasaba por el Barrio de Gracia, por la Iglesia de San Juan, la Sagrada Familia, la Catedral y la Iglesia de Sant Felip Neri.<\/p>\n<p><strong>Punto de Encuentro: Parque G\u00fcell<\/strong><\/p>\n<p><strong>Precio: 19 \u20ac<\/strong><\/p>\n<p><strong>Duraci\u00f3n: 3 horas<\/strong><\/p>\n<p>* <strong>Covid-19 &#8211; ATENCI\u00d3N:<\/strong> Debido al Covid-19, establecemos unas <strong>medidas de seguridad<\/strong> siguiendo las recomendaciones de las autoridades sanitarias, hasta nuevo aviso. Las salidas ser\u00e1n en g<strong>rupos reducidos y los gu\u00edas utilizar\u00e1n mascarilla, altavoces o radiogu\u00edas y medidas de distanciamiento adecuadas<\/strong>. Tambi\u00e9n habr\u00e1 unas medidas de obligado cumplimiento por los asistentes:<\/p>\n<ul>\n<li>Uso de mascarilla durante toda la duraci\u00f3n de la actividad.<\/li>\n<li>Mantener 1,5-2 metros de distancia m\u00ednimo entre los participantes.<\/li>\n<li>Se recomienda el uso de gel hidroalcoh\u00f3lico.<\/li>\n<\/ul>\n","protected":false},"excerpt":{"rendered":"<p><strong>Ruta Guiada de Barcelona para los de Casa<\/strong><\/p>\n","protected":false},"featured_media":6479,"comment_status":"open","ping_status":"closed","template":"","meta":[],"product_brand":[],"product_cat":[297],"product_tag":[],"class_list":{"0":"post-6556","1":"product","2":"type-product","3":"status-publish","4":"has-post-thumbnail","6":"product_cat-uncategorized","7":"pa_tour-type-experiencias-terrestres","8":"pa_tour-types-land-experiences-tours-barcelona","10":"first","11":"instock","12":"shipping-taxable","13":"purchasable","14":"product-type-tour_phys"},"yoast_head":"<!-- This site is optimized with the Yoast SEO plugin v26.1.1 - https:\/\/yoast.com\/wordpress\/plugins\/seo\/ -->\n<title>Ruta guiada para los de casa - Paseando con el Sr. Gaud\u00ed - Barcelona Discovery<\/title>\n<meta name=\"description\" content=\"Antoni Gaud\u00ed viv\u00eda en el Parque G\u00fcell, se propuso caminar por lo menos 10 km al d\u00eda. Haremos esta ruta guiada tal cual la hac\u00eda Antoni Gaud\u00ed\" \/>\n<meta name=\"robots\" content=\"index, follow, max-snippet:-1, max-image-preview:large, max-video-preview:-1\" \/>\n<link rel=\"canonical\" href=\"https:\/\/barcelona-discovery.com\/es\/producto\/ruta-guiada-paseando-con-el-sr-gaudi\/\" \/>\n<meta property=\"og:locale\" content=\"es_ES\" \/>\n<meta property=\"og:type\" content=\"article\" \/>\n<meta property=\"og:title\" content=\"Ruta guiada para los de casa - Paseando con el Sr. Gaud\u00ed - Barcelona Discovery\" \/>\n<meta property=\"og:description\" content=\"Antoni Gaud\u00ed viv\u00eda en el Parque G\u00fcell, se propuso caminar por lo menos 10 km al d\u00eda. Haremos esta ruta guiada tal cual la hac\u00eda Antoni Gaud\u00ed\" \/>\n<meta property=\"og:url\" content=\"https:\/\/barcelona-discovery.com\/es\/producto\/ruta-guiada-paseando-con-el-sr-gaudi\/\" \/>\n<meta property=\"og:site_name\" content=\"Barcelona Discovery\" \/>\n<meta property=\"article:publisher\" content=\"https:\/\/www.facebook.com\/BarcelonaDiscovery\/\" \/>\n<meta property=\"og:image\" content=\"https:\/\/barcelona-discovery.com\/wp-content\/uploads\/2020\/07\/tot-passejant-amb-gaudi1.jpeg\" \/>\n\t<meta property=\"og:image:width\" content=\"1074\" \/>\n\t<meta property=\"og:image:height\" content=\"603\" \/>\n\t<meta property=\"og:image:type\" content=\"image\/jpeg\" \/>\n<meta name=\"twitter:card\" content=\"summary_large_image\" \/>\n<meta name=\"twitter:site\" content=\"@bcn_discovery\" \/>\n<meta name=\"twitter:label1\" content=\"Tiempo de lectura\" \/>\n\t<meta name=\"twitter:data1\" content=\"1 minuto\" \/>\n<script type=\"application\/ld+json\" class=\"yoast-schema-graph\">{\"@context\":\"https:\/\/schema.org\",\"@graph\":[{\"@type\":\"WebPage\",\"@id\":\"https:\/\/barcelona-discovery.com\/es\/producto\/ruta-guiada-paseando-con-el-sr-gaudi\/\",\"url\":\"https:\/\/barcelona-discovery.com\/es\/producto\/ruta-guiada-paseando-con-el-sr-gaudi\/\",\"name\":\"Ruta guiada para los de casa - Paseando con el Sr. Gaud\u00ed - Barcelona Discovery\",\"isPartOf\":{\"@id\":\"https:\/\/barcelona-discovery.com\/#website\"},\"primaryImageOfPage\":{\"@id\":\"https:\/\/barcelona-discovery.com\/es\/producto\/ruta-guiada-paseando-con-el-sr-gaudi\/#primaryimage\"},\"image\":{\"@id\":\"https:\/\/barcelona-discovery.com\/es\/producto\/ruta-guiada-paseando-con-el-sr-gaudi\/#primaryimage\"},\"thumbnailUrl\":\"https:\/\/barcelona-discovery.com\/wp-content\/uploads\/2020\/07\/tot-passejant-amb-gaudi1.jpeg\",\"datePublished\":\"2020-07-23T15:30:31+00:00\",\"description\":\"Antoni Gaud\u00ed viv\u00eda en el Parque G\u00fcell, se propuso caminar por lo menos 10 km al d\u00eda. Haremos esta ruta guiada tal cual la hac\u00eda Antoni Gaud\u00ed\",\"breadcrumb\":{\"@id\":\"https:\/\/barcelona-discovery.com\/es\/producto\/ruta-guiada-paseando-con-el-sr-gaudi\/#breadcrumb\"},\"inLanguage\":\"es\",\"potentialAction\":[{\"@type\":\"ReadAction\",\"target\":[\"https:\/\/barcelona-discovery.com\/es\/producto\/ruta-guiada-paseando-con-el-sr-gaudi\/\"]}]},{\"@type\":\"ImageObject\",\"inLanguage\":\"es\",\"@id\":\"https:\/\/barcelona-discovery.com\/es\/producto\/ruta-guiada-paseando-con-el-sr-gaudi\/#primaryimage\",\"url\":\"https:\/\/barcelona-discovery.com\/wp-content\/uploads\/2020\/07\/tot-passejant-amb-gaudi1.jpeg\",\"contentUrl\":\"https:\/\/barcelona-discovery.com\/wp-content\/uploads\/2020\/07\/tot-passejant-amb-gaudi1.jpeg\",\"width\":1074,\"height\":603},{\"@type\":\"BreadcrumbList\",\"@id\":\"https:\/\/barcelona-discovery.com\/es\/producto\/ruta-guiada-paseando-con-el-sr-gaudi\/#breadcrumb\",\"itemListElement\":[{\"@type\":\"ListItem\",\"position\":1,\"name\":\"Home\",\"item\":\"https:\/\/barcelona-discovery.com\/es\/\"},{\"@type\":\"ListItem\",\"position\":2,\"name\":\"Tours\",\"item\":\"https:\/\/barcelona-discovery.com\/tours\/\"},{\"@type\":\"ListItem\",\"position\":3,\"name\":\"Ruta Guiada &#8211; Paseando con el Sr. Gaud\u00ed\"}]},{\"@type\":\"WebSite\",\"@id\":\"https:\/\/barcelona-discovery.com\/#website\",\"url\":\"https:\/\/barcelona-discovery.com\/\",\"name\":\"Barcelona Discovery\",\"description\":\"Private Tours around Barcelona\",\"publisher\":{\"@id\":\"https:\/\/barcelona-discovery.com\/#organization\"},\"potentialAction\":[{\"@type\":\"SearchAction\",\"target\":{\"@type\":\"EntryPoint\",\"urlTemplate\":\"https:\/\/barcelona-discovery.com\/?s={search_term_string}\"},\"query-input\":{\"@type\":\"PropertyValueSpecification\",\"valueRequired\":true,\"valueName\":\"search_term_string\"}}],\"inLanguage\":\"es\"},{\"@type\":\"Organization\",\"@id\":\"https:\/\/barcelona-discovery.com\/#organization\",\"name\":\"Barcelona Discovery\",\"url\":\"https:\/\/barcelona-discovery.com\/\",\"logo\":{\"@type\":\"ImageObject\",\"inLanguage\":\"es\",\"@id\":\"https:\/\/barcelona-discovery.com\/#\/schema\/logo\/image\/\",\"url\":\"https:\/\/barcelona-discovery.com\/wp-content\/uploads\/2024\/02\/logo-linkein.jpg\",\"contentUrl\":\"https:\/\/barcelona-discovery.com\/wp-content\/uploads\/2024\/02\/logo-linkein.jpg\",\"width\":300,\"height\":300,\"caption\":\"Barcelona Discovery\"},\"image\":{\"@id\":\"https:\/\/barcelona-discovery.com\/#\/schema\/logo\/image\/\"},\"sameAs\":[\"https:\/\/www.facebook.com\/BarcelonaDiscovery\/\",\"https:\/\/x.com\/bcn_discovery\",\"https:\/\/www.instagram.com\/barcelonadiscovery\/\",\"https:\/\/www.youtube.com\/channel\/UCwpragtLkdmFTHCzinFQG_g\"]}]}<\/script>\n<!-- \/ Yoast SEO plugin. -->","yoast_head_json":{"title":"Ruta guiada para los de casa - Paseando con el Sr. Gaud\u00ed - Barcelona Discovery","description":"Antoni Gaud\u00ed viv\u00eda en el Parque G\u00fcell, se propuso caminar por lo menos 10 km al d\u00eda. Haremos esta ruta guiada tal cual la hac\u00eda Antoni Gaud\u00ed","robots":{"index":"index","follow":"follow","max-snippet":"max-snippet:-1","max-image-preview":"max-image-preview:large","max-video-preview":"max-video-preview:-1"},"canonical":"https:\/\/barcelona-discovery.com\/es\/producto\/ruta-guiada-paseando-con-el-sr-gaudi\/","og_locale":"es_ES","og_type":"article","og_title":"Ruta guiada para los de casa - Paseando con el Sr. Gaud\u00ed - Barcelona Discovery","og_description":"Antoni Gaud\u00ed viv\u00eda en el Parque G\u00fcell, se propuso caminar por lo menos 10 km al d\u00eda. Haremos esta ruta guiada tal cual la hac\u00eda Antoni Gaud\u00ed","og_url":"https:\/\/barcelona-discovery.com\/es\/producto\/ruta-guiada-paseando-con-el-sr-gaudi\/","og_site_name":"Barcelona Discovery","article_publisher":"https:\/\/www.facebook.com\/BarcelonaDiscovery\/","og_image":[{"width":1074,"height":603,"url":"https:\/\/barcelona-discovery.com\/wp-content\/uploads\/2020\/07\/tot-passejant-amb-gaudi1.jpeg","type":"image\/jpeg"}],"twitter_card":"summary_large_image","twitter_site":"@bcn_discovery","twitter_misc":{"Tiempo de lectura":"1 minuto"},"schema":{"@context":"https:\/\/schema.org","@graph":[{"@type":"WebPage","@id":"https:\/\/barcelona-discovery.com\/es\/producto\/ruta-guiada-paseando-con-el-sr-gaudi\/","url":"https:\/\/barcelona-discovery.com\/es\/producto\/ruta-guiada-paseando-con-el-sr-gaudi\/","name":"Ruta guiada para los de casa - Paseando con el Sr. Gaud\u00ed - Barcelona Discovery","isPartOf":{"@id":"https:\/\/barcelona-discovery.com\/#website"},"primaryImageOfPage":{"@id":"https:\/\/barcelona-discovery.com\/es\/producto\/ruta-guiada-paseando-con-el-sr-gaudi\/#primaryimage"},"image":{"@id":"https:\/\/barcelona-discovery.com\/es\/producto\/ruta-guiada-paseando-con-el-sr-gaudi\/#primaryimage"},"thumbnailUrl":"https:\/\/barcelona-discovery.com\/wp-content\/uploads\/2020\/07\/tot-passejant-amb-gaudi1.jpeg","datePublished":"2020-07-23T15:30:31+00:00","description":"Antoni Gaud\u00ed viv\u00eda en el Parque G\u00fcell, se propuso caminar por lo menos 10 km al d\u00eda. Haremos esta ruta guiada tal cual la hac\u00eda Antoni Gaud\u00ed","breadcrumb":{"@id":"https:\/\/barcelona-discovery.com\/es\/producto\/ruta-guiada-paseando-con-el-sr-gaudi\/#breadcrumb"},"inLanguage":"es","potentialAction":[{"@type":"ReadAction","target":["https:\/\/barcelona-discovery.com\/es\/producto\/ruta-guiada-paseando-con-el-sr-gaudi\/"]}]},{"@type":"ImageObject","inLanguage":"es","@id":"https:\/\/barcelona-discovery.com\/es\/producto\/ruta-guiada-paseando-con-el-sr-gaudi\/#primaryimage","url":"https:\/\/barcelona-discovery.com\/wp-content\/uploads\/2020\/07\/tot-passejant-amb-gaudi1.jpeg","contentUrl":"https:\/\/barcelona-discovery.com\/wp-content\/uploads\/2020\/07\/tot-passejant-amb-gaudi1.jpeg","width":1074,"height":603},{"@type":"BreadcrumbList","@id":"https:\/\/barcelona-discovery.com\/es\/producto\/ruta-guiada-paseando-con-el-sr-gaudi\/#breadcrumb","itemListElement":[{"@type":"ListItem","position":1,"name":"Home","item":"https:\/\/barcelona-discovery.com\/es\/"},{"@type":"ListItem","position":2,"name":"Tours","item":"https:\/\/barcelona-discovery.com\/tours\/"},{"@type":"ListItem","position":3,"name":"Ruta Guiada &#8211; Paseando con el Sr. Gaud\u00ed"}]},{"@type":"WebSite","@id":"https:\/\/barcelona-discovery.com\/#website","url":"https:\/\/barcelona-discovery.com\/","name":"Barcelona Discovery","description":"Private Tours around Barcelona","publisher":{"@id":"https:\/\/barcelona-discovery.com\/#organization"},"potentialAction":[{"@type":"SearchAction","target":{"@type":"EntryPoint","urlTemplate":"https:\/\/barcelona-discovery.com\/?s={search_term_string}"},"query-input":{"@type":"PropertyValueSpecification","valueRequired":true,"valueName":"search_term_string"}}],"inLanguage":"es"},{"@type":"Organization","@id":"https:\/\/barcelona-discovery.com\/#organization","name":"Barcelona Discovery","url":"https:\/\/barcelona-discovery.com\/","logo":{"@type":"ImageObject","inLanguage":"es","@id":"https:\/\/barcelona-discovery.com\/#\/schema\/logo\/image\/","url":"https:\/\/barcelona-discovery.com\/wp-content\/uploads\/2024\/02\/logo-linkein.jpg","contentUrl":"https:\/\/barcelona-discovery.com\/wp-content\/uploads\/2024\/02\/logo-linkein.jpg","width":300,"height":300,"caption":"Barcelona Discovery"},"image":{"@id":"https:\/\/barcelona-discovery.com\/#\/schema\/logo\/image\/"},"sameAs":["https:\/\/www.facebook.com\/BarcelonaDiscovery\/","https:\/\/x.com\/bcn_discovery","https:\/\/www.instagram.com\/barcelonadiscovery\/","https:\/\/www.youtube.com\/channel\/UCwpragtLkdmFTHCzinFQG_g"]}]}},"_links":{"self":[{"href":"https:\/\/barcelona-discovery.com\/es\/wp-json\/wp\/v2\/product\/6556","targetHints":{"allow":["GET"]}}],"collection":[{"href":"https:\/\/barcelona-discovery.com\/es\/wp-json\/wp\/v2\/product"}],"about":[{"href":"https:\/\/barcelona-discovery.com\/es\/wp-json\/wp\/v2\/types\/product"}],"replies":[{"embeddable":true,"href":"https:\/\/barcelona-discovery.com\/es\/wp-json\/wp\/v2\/comments?post=6556"}],"wp:featuredmedia":[{"embeddable":true,"href":"https:\/\/barcelona-discovery.com\/es\/wp-json\/wp\/v2\/media\/6479"}],"wp:attachment":[{"href":"https:\/\/barcelona-discovery.com\/es\/wp-json\/wp\/v2\/media?parent=6556"}],"wp:term":[{"taxonomy":"product_brand","embeddable":true,"href":"https:\/\/barcelona-discovery.com\/es\/wp-json\/wp\/v2\/product_brand?post=6556"},{"taxonomy":"product_cat","embeddable":true,"href":"https:\/\/barcelona-discovery.com\/es\/wp-json\/wp\/v2\/product_cat?post=6556"},{"taxonomy":"product_tag","embeddable":true,"href":"https:\/\/barcelona-discovery.com\/es\/wp-json\/wp\/v2\/product_tag?post=6556"}],"curies":[{"name":"wp","href":"https:\/\/api.w.org\/{rel}","templated":true}]}}