{"id":6736,"date":"2020-08-10T16:11:55","date_gmt":"2020-08-10T15:11:55","guid":{"rendered":"https:\/\/barcelona-discovery.com\/shop\/visita-teatralizada-y-degustacion-de-vinos-en-el-emporda\/"},"modified":"2024-04-15T16:18:07","modified_gmt":"2024-04-15T15:18:07","slug":"visita-teatralizada-y-degustacion-de-vinos-en-el-emporda","status":"publish","type":"product","link":"https:\/\/barcelona-discovery.com\/es\/tours\/visita-teatralizada-y-degustacion-de-vinos-en-el-emporda\/","title":{"rendered":"Visita Teatralizada y Degustaci\u00f3n de Vinos en el Empord\u00e0"},"content":{"rendered":"<p>Ven a disfrutar <strong>del Empord\u00e0<\/strong> !!!!!<\/p>\n<p>Con esta <strong>exp\u00e8riencia<\/strong> te ofrecemos la oportunidad de hacer una visita a una bodega muy diferente, consiste en una <strong>visita teatralizada.<\/strong><\/p>\n<p>La <strong>visita teatralizada<\/strong> es una <strong>visita guiada<\/strong> de la mano de la &#8216;Sra. Maria &#8216;, una vecina de Espolla que conoce muy bien la bodega. Har\u00e1 un recorrido por las instalaciones explicando la historia, la construcci\u00f3n, las an\u00e9cdotas y la elaboraci\u00f3n de los vinos de la bodega, para acabar con una<strong> cata de vinos y del aceite de la cooperativa.<\/strong><\/p>\n<p>Esta visita est\u00e1 incluida en la <strong>Ruta del Vino de la DO Empord\u00e0.<\/strong><\/p>\n<p>Todos los <strong>S\u00e1bados y Domingos<\/strong> a las 11.00 hrs<\/p>\n","protected":false},"excerpt":{"rendered":"<p><strong>Visita teatralizada a la bodega y Cata de vinos- Todos los S\u00e1bados y domingos!<\/strong><\/p>\n","protected":false},"featured_media":4072,"comment_status":"open","ping_status":"closed","template":"","meta":[],"product_brand":[],"product_cat":[157,175],"product_tag":[],"class_list":{"0":"post-6736","1":"product","2":"type-product","3":"status-publish","4":"has-post-thumbnail","6":"product_cat-experiencias-terrestres","7":"product_cat-tours-enoturisticos-gastronomicos","8":"pa_tour-type-experiencias-terrestres","9":"pa_tour-types-land-experiences-experiencias-enoturisticas-gastronomicas","11":"first","12":"instock","13":"shipping-taxable","14":"purchasable","15":"product-type-tour_phys"},"yoast_head":"<!-- This site is optimized with the Yoast SEO plugin v26.1.1 - https:\/\/yoast.com\/wordpress\/plugins\/seo\/ -->\n<title>Enoturismo en el Empord\u00e0 - Degustacion de Vinos en Espolla<\/title>\n<meta name=\"description\" content=\"Ven a disfrutar del Empord\u00e0 !!!!! Visita teatralizada a la bodega mes cata de vinos y aceites\" \/>\n<meta name=\"robots\" content=\"index, follow, max-snippet:-1, max-image-preview:large, max-video-preview:-1\" \/>\n<link rel=\"canonical\" href=\"https:\/\/barcelona-discovery.com\/es\/tours\/visita-teatralizada-y-degustacion-de-vinos-en-el-emporda\/\" \/>\n<meta property=\"og:locale\" content=\"es_ES\" \/>\n<meta property=\"og:type\" content=\"article\" \/>\n<meta property=\"og:title\" content=\"Enoturismo en el Empord\u00e0 - Degustacion de Vinos en Espolla\" \/>\n<meta property=\"og:description\" content=\"Ven a disfrutar del Empord\u00e0 !!!!! Visita teatralizada a la bodega mes cata de vinos y aceites\" \/>\n<meta property=\"og:url\" content=\"https:\/\/barcelona-discovery.com\/es\/tours\/visita-teatralizada-y-degustacion-de-vinos-en-el-emporda\/\" \/>\n<meta property=\"og:site_name\" content=\"Barcelona Discovery\" \/>\n<meta property=\"article:publisher\" content=\"https:\/\/www.facebook.com\/BarcelonaDiscovery\/\" \/>\n<meta property=\"article:modified_time\" content=\"2024-04-15T15:18:07+00:00\" \/>\n<meta property=\"og:image\" content=\"https:\/\/barcelona-discovery.com\/wp-content\/uploads\/2019\/05\/ruta-del-vi-emporda.jpg\" \/>\n\t<meta property=\"og:image:width\" content=\"1000\" \/>\n\t<meta property=\"og:image:height\" content=\"500\" \/>\n\t<meta property=\"og:image:type\" content=\"image\/jpeg\" \/>\n<meta name=\"twitter:card\" content=\"summary_large_image\" \/>\n<meta name=\"twitter:site\" content=\"@bcn_discovery\" \/>\n<meta name=\"twitter:label1\" content=\"Tiempo de lectura\" \/>\n\t<meta name=\"twitter:data1\" content=\"1 minuto\" \/>\n<script type=\"application\/ld+json\" class=\"yoast-schema-graph\">{\"@context\":\"https:\/\/schema.org\",\"@graph\":[{\"@type\":\"WebPage\",\"@id\":\"https:\/\/barcelona-discovery.com\/es\/tours\/visita-teatralizada-y-degustacion-de-vinos-en-el-emporda\/\",\"url\":\"https:\/\/barcelona-discovery.com\/es\/tours\/visita-teatralizada-y-degustacion-de-vinos-en-el-emporda\/\",\"name\":\"Enoturismo en el Empord\u00e0 - Degustacion de Vinos en Espolla\",\"isPartOf\":{\"@id\":\"https:\/\/barcelona-discovery.com\/#website\"},\"primaryImageOfPage\":{\"@id\":\"https:\/\/barcelona-discovery.com\/es\/tours\/visita-teatralizada-y-degustacion-de-vinos-en-el-emporda\/#primaryimage\"},\"image\":{\"@id\":\"https:\/\/barcelona-discovery.com\/es\/tours\/visita-teatralizada-y-degustacion-de-vinos-en-el-emporda\/#primaryimage\"},\"thumbnailUrl\":\"https:\/\/barcelona-discovery.com\/wp-content\/uploads\/2019\/05\/ruta-del-vi-emporda.jpg\",\"datePublished\":\"2020-08-10T15:11:55+00:00\",\"dateModified\":\"2024-04-15T15:18:07+00:00\",\"description\":\"Ven a disfrutar del Empord\u00e0 !!!!! Visita teatralizada a la bodega mes cata de vinos y aceites\",\"breadcrumb\":{\"@id\":\"https:\/\/barcelona-discovery.com\/es\/tours\/visita-teatralizada-y-degustacion-de-vinos-en-el-emporda\/#breadcrumb\"},\"inLanguage\":\"es\",\"potentialAction\":[{\"@type\":\"ReadAction\",\"target\":[\"https:\/\/barcelona-discovery.com\/es\/tours\/visita-teatralizada-y-degustacion-de-vinos-en-el-emporda\/\"]}]},{\"@type\":\"ImageObject\",\"inLanguage\":\"es\",\"@id\":\"https:\/\/barcelona-discovery.com\/es\/tours\/visita-teatralizada-y-degustacion-de-vinos-en-el-emporda\/#primaryimage\",\"url\":\"https:\/\/barcelona-discovery.com\/wp-content\/uploads\/2019\/05\/ruta-del-vi-emporda.jpg\",\"contentUrl\":\"https:\/\/barcelona-discovery.com\/wp-content\/uploads\/2019\/05\/ruta-del-vi-emporda.jpg\",\"width\":1000,\"height\":500,\"caption\":\"Degustacion de vinos en el Empord\u00e0\"},{\"@type\":\"BreadcrumbList\",\"@id\":\"https:\/\/barcelona-discovery.com\/es\/tours\/visita-teatralizada-y-degustacion-de-vinos-en-el-emporda\/#breadcrumb\",\"itemListElement\":[{\"@type\":\"ListItem\",\"position\":1,\"name\":\"Home\",\"item\":\"https:\/\/barcelona-discovery.com\/es\/\"},{\"@type\":\"ListItem\",\"position\":2,\"name\":\"Tours\",\"item\":\"https:\/\/barcelona-discovery.com\/tours\/\"},{\"@type\":\"ListItem\",\"position\":3,\"name\":\"Visita Teatralizada y Degustaci\u00f3n de Vinos en el Empord\u00e0\"}]},{\"@type\":\"WebSite\",\"@id\":\"https:\/\/barcelona-discovery.com\/#website\",\"url\":\"https:\/\/barcelona-discovery.com\/\",\"name\":\"Barcelona Discovery\",\"description\":\"Private Tours around Barcelona\",\"publisher\":{\"@id\":\"https:\/\/barcelona-discovery.com\/#organization\"},\"potentialAction\":[{\"@type\":\"SearchAction\",\"target\":{\"@type\":\"EntryPoint\",\"urlTemplate\":\"https:\/\/barcelona-discovery.com\/?s={search_term_string}\"},\"query-input\":{\"@type\":\"PropertyValueSpecification\",\"valueRequired\":true,\"valueName\":\"search_term_string\"}}],\"inLanguage\":\"es\"},{\"@type\":\"Organization\",\"@id\":\"https:\/\/barcelona-discovery.com\/#organization\",\"name\":\"Barcelona Discovery\",\"url\":\"https:\/\/barcelona-discovery.com\/\",\"logo\":{\"@type\":\"ImageObject\",\"inLanguage\":\"es\",\"@id\":\"https:\/\/barcelona-discovery.com\/#\/schema\/logo\/image\/\",\"url\":\"https:\/\/barcelona-discovery.com\/wp-content\/uploads\/2024\/02\/logo-linkein.jpg\",\"contentUrl\":\"https:\/\/barcelona-discovery.com\/wp-content\/uploads\/2024\/02\/logo-linkein.jpg\",\"width\":300,\"height\":300,\"caption\":\"Barcelona Discovery\"},\"image\":{\"@id\":\"https:\/\/barcelona-discovery.com\/#\/schema\/logo\/image\/\"},\"sameAs\":[\"https:\/\/www.facebook.com\/BarcelonaDiscovery\/\",\"https:\/\/x.com\/bcn_discovery\",\"https:\/\/www.instagram.com\/barcelonadiscovery\/\",\"https:\/\/www.youtube.com\/channel\/UCwpragtLkdmFTHCzinFQG_g\"]}]}<\/script>\n<!-- \/ Yoast SEO plugin. -->","yoast_head_json":{"title":"Enoturismo en el Empord\u00e0 - Degustacion de Vinos en Espolla","description":"Ven a disfrutar del Empord\u00e0 !!!!! Visita teatralizada a la bodega mes cata de vinos y aceites","robots":{"index":"index","follow":"follow","max-snippet":"max-snippet:-1","max-image-preview":"max-image-preview:large","max-video-preview":"max-video-preview:-1"},"canonical":"https:\/\/barcelona-discovery.com\/es\/tours\/visita-teatralizada-y-degustacion-de-vinos-en-el-emporda\/","og_locale":"es_ES","og_type":"article","og_title":"Enoturismo en el Empord\u00e0 - Degustacion de Vinos en Espolla","og_description":"Ven a disfrutar del Empord\u00e0 !!!!! Visita teatralizada a la bodega mes cata de vinos y aceites","og_url":"https:\/\/barcelona-discovery.com\/es\/tours\/visita-teatralizada-y-degustacion-de-vinos-en-el-emporda\/","og_site_name":"Barcelona Discovery","article_publisher":"https:\/\/www.facebook.com\/BarcelonaDiscovery\/","article_modified_time":"2024-04-15T15:18:07+00:00","og_image":[{"width":1000,"height":500,"url":"https:\/\/barcelona-discovery.com\/wp-content\/uploads\/2019\/05\/ruta-del-vi-emporda.jpg","type":"image\/jpeg"}],"twitter_card":"summary_large_image","twitter_site":"@bcn_discovery","twitter_misc":{"Tiempo de lectura":"1 minuto"},"schema":{"@context":"https:\/\/schema.org","@graph":[{"@type":"WebPage","@id":"https:\/\/barcelona-discovery.com\/es\/tours\/visita-teatralizada-y-degustacion-de-vinos-en-el-emporda\/","url":"https:\/\/barcelona-discovery.com\/es\/tours\/visita-teatralizada-y-degustacion-de-vinos-en-el-emporda\/","name":"Enoturismo en el Empord\u00e0 - Degustacion de Vinos en Espolla","isPartOf":{"@id":"https:\/\/barcelona-discovery.com\/#website"},"primaryImageOfPage":{"@id":"https:\/\/barcelona-discovery.com\/es\/tours\/visita-teatralizada-y-degustacion-de-vinos-en-el-emporda\/#primaryimage"},"image":{"@id":"https:\/\/barcelona-discovery.com\/es\/tours\/visita-teatralizada-y-degustacion-de-vinos-en-el-emporda\/#primaryimage"},"thumbnailUrl":"https:\/\/barcelona-discovery.com\/wp-content\/uploads\/2019\/05\/ruta-del-vi-emporda.jpg","datePublished":"2020-08-10T15:11:55+00:00","dateModified":"2024-04-15T15:18:07+00:00","description":"Ven a disfrutar del Empord\u00e0 !!!!! Visita teatralizada a la bodega mes cata de vinos y aceites","breadcrumb":{"@id":"https:\/\/barcelona-discovery.com\/es\/tours\/visita-teatralizada-y-degustacion-de-vinos-en-el-emporda\/#breadcrumb"},"inLanguage":"es","potentialAction":[{"@type":"ReadAction","target":["https:\/\/barcelona-discovery.com\/es\/tours\/visita-teatralizada-y-degustacion-de-vinos-en-el-emporda\/"]}]},{"@type":"ImageObject","inLanguage":"es","@id":"https:\/\/barcelona-discovery.com\/es\/tours\/visita-teatralizada-y-degustacion-de-vinos-en-el-emporda\/#primaryimage","url":"https:\/\/barcelona-discovery.com\/wp-content\/uploads\/2019\/05\/ruta-del-vi-emporda.jpg","contentUrl":"https:\/\/barcelona-discovery.com\/wp-content\/uploads\/2019\/05\/ruta-del-vi-emporda.jpg","width":1000,"height":500,"caption":"Degustacion de vinos en el Empord\u00e0"},{"@type":"BreadcrumbList","@id":"https:\/\/barcelona-discovery.com\/es\/tours\/visita-teatralizada-y-degustacion-de-vinos-en-el-emporda\/#breadcrumb","itemListElement":[{"@type":"ListItem","position":1,"name":"Home","item":"https:\/\/barcelona-discovery.com\/es\/"},{"@type":"ListItem","position":2,"name":"Tours","item":"https:\/\/barcelona-discovery.com\/tours\/"},{"@type":"ListItem","position":3,"name":"Visita Teatralizada y Degustaci\u00f3n de Vinos en el Empord\u00e0"}]},{"@type":"WebSite","@id":"https:\/\/barcelona-discovery.com\/#website","url":"https:\/\/barcelona-discovery.com\/","name":"Barcelona Discovery","description":"Private Tours around Barcelona","publisher":{"@id":"https:\/\/barcelona-discovery.com\/#organization"},"potentialAction":[{"@type":"SearchAction","target":{"@type":"EntryPoint","urlTemplate":"https:\/\/barcelona-discovery.com\/?s={search_term_string}"},"query-input":{"@type":"PropertyValueSpecification","valueRequired":true,"valueName":"search_term_string"}}],"inLanguage":"es"},{"@type":"Organization","@id":"https:\/\/barcelona-discovery.com\/#organization","name":"Barcelona Discovery","url":"https:\/\/barcelona-discovery.com\/","logo":{"@type":"ImageObject","inLanguage":"es","@id":"https:\/\/barcelona-discovery.com\/#\/schema\/logo\/image\/","url":"https:\/\/barcelona-discovery.com\/wp-content\/uploads\/2024\/02\/logo-linkein.jpg","contentUrl":"https:\/\/barcelona-discovery.com\/wp-content\/uploads\/2024\/02\/logo-linkein.jpg","width":300,"height":300,"caption":"Barcelona Discovery"},"image":{"@id":"https:\/\/barcelona-discovery.com\/#\/schema\/logo\/image\/"},"sameAs":["https:\/\/www.facebook.com\/BarcelonaDiscovery\/","https:\/\/x.com\/bcn_discovery","https:\/\/www.instagram.com\/barcelonadiscovery\/","https:\/\/www.youtube.com\/channel\/UCwpragtLkdmFTHCzinFQG_g"]}]}},"_links":{"self":[{"href":"https:\/\/barcelona-discovery.com\/es\/wp-json\/wp\/v2\/product\/6736","targetHints":{"allow":["GET"]}}],"collection":[{"href":"https:\/\/barcelona-discovery.com\/es\/wp-json\/wp\/v2\/product"}],"about":[{"href":"https:\/\/barcelona-discovery.com\/es\/wp-json\/wp\/v2\/types\/product"}],"replies":[{"embeddable":true,"href":"https:\/\/barcelona-discovery.com\/es\/wp-json\/wp\/v2\/comments?post=6736"}],"wp:featuredmedia":[{"embeddable":true,"href":"https:\/\/barcelona-discovery.com\/es\/wp-json\/wp\/v2\/media\/4072"}],"wp:attachment":[{"href":"https:\/\/barcelona-discovery.com\/es\/wp-json\/wp\/v2\/media?parent=6736"}],"wp:term":[{"taxonomy":"product_brand","embeddable":true,"href":"https:\/\/barcelona-discovery.com\/es\/wp-json\/wp\/v2\/product_brand?post=6736"},{"taxonomy":"product_cat","embeddable":true,"href":"https:\/\/barcelona-discovery.com\/es\/wp-json\/wp\/v2\/product_cat?post=6736"},{"taxonomy":"product_tag","embeddable":true,"href":"https:\/\/barcelona-discovery.com\/es\/wp-json\/wp\/v2\/product_tag?post=6736"}],"curies":[{"name":"wp","href":"https:\/\/api.w.org\/{rel}","templated":true}]}}