{"id":6748,"date":"2020-07-27T16:21:40","date_gmt":"2021-03-04T12:43:57","guid":{"rendered":"https:\/\/barcelona-discovery.com\/?post_type=product&#038;p=6748"},"modified":"2021-10-17T19:57:04","modified_gmt":"2021-10-17T18:57:04","slug":"marcha-nordica-por-vallgorguina","status":"publish","type":"product","link":"https:\/\/barcelona-discovery.com\/es\/tours\/marcha-nordica-por-vallgorguina\/","title":{"rendered":"Marcha N\u00f3rdica por Vallgorguina"},"content":{"rendered":"<p><strong>HACEMOS DEPORTE, HACEMOS SALUD !!<\/strong><\/p>\n<p>El objetivo, es dar a conocer la Marcha N\u00f3rdica con una ruta saludable guiada por nuestra instructora Mireia Teixid\u00f3.<br \/>\nEs una manera de practicar ejercicio f\u00edsico en un espacio id\u00f3neo como puede ser el entorno de Vallgorguina.<\/p>\n<p>En esta actividad explicaremos de d\u00f3nde proviene, como debemos utilizar los bastones, cu\u00e1l es el material adecuado, y la t\u00e9cnica &#8230;<\/p>\n<p>Posteriormente inciaremos la ruta por nuestro entorno.<\/p>\n<p>Es muy importante llevar bastones espec\u00edficos para Marcha N\u00f3rdica; No sirven los de trekking. Toda persona interesada en alquilarlos que nos lo notifique en el momento de hacer la inscripci\u00f3n.<\/p>\n<p><strong>Punto de Encuentro: Plaza San Andr\u00e9s &#8211; Vallgorguina<\/strong><\/p>\n<p><strong>Actividad Gratuita.<\/strong><\/p>\n<p>Hay que inscribirse a esta actividad.<\/p>\n<p>Informaci\u00f3n e Inscripciones en: info@barcelona-discovery.com<\/p>\n<p>Material obligatorio: Bastones de marcha n\u00f3rdica * Calzado c\u00f3modo | Agua | Mochila peque\u00f1a.<\/p>\n<p>* (Si no tienes bastones de marcha n\u00f3rdica te podemos dejar<\/p>\n<p>Material recomendado: sombrero o gorra | Peque\u00f1o desayuno o fruta<\/p>\n<p>Kilometros: 10 km<\/p>\n<p>Nivel de Desnivel: 300m<\/p>\n<p>&nbsp;<\/p>\n<p><img loading=\"lazy\" decoding=\"async\" class=\"aligncenter wp-image-7149 \" src=\"https:\/\/barcelona-discovery.com\/wp-content\/uploads\/2020\/07\/marxa-nordica.png\" alt=\"\" width=\"432\" height=\"611\" srcset=\"https:\/\/barcelona-discovery.com\/wp-content\/uploads\/2020\/07\/marxa-nordica.png 1587w, https:\/\/barcelona-discovery.com\/wp-content\/uploads\/2020\/07\/marxa-nordica-768x1086.png 768w, https:\/\/barcelona-discovery.com\/wp-content\/uploads\/2020\/07\/marxa-nordica-820x1160.png 820w\" sizes=\"auto, (max-width: 432px) 100vw, 432px\" \/><\/p>\n","protected":false},"excerpt":{"rendered":"<p><strong>Ruta guiada Marcha N\u00f3rdica en Vallgorguina<\/strong><\/p>\n","protected":false},"featured_media":5503,"comment_status":"open","ping_status":"closed","template":"","meta":[],"product_brand":[],"product_cat":[297],"product_tag":[],"class_list":{"0":"post-6748","1":"product","2":"type-product","3":"status-publish","4":"has-post-thumbnail","6":"product_cat-uncategorized","8":"first","9":"instock","10":"shipping-taxable","11":"purchasable","12":"product-type-tour_phys"},"yoast_head":"<!-- This site is optimized with the Yoast SEO plugin v26.1.1 - https:\/\/yoast.com\/wordpress\/plugins\/seo\/ -->\n<title>Marcha N\u00f2rdica por Vallgorguina - Barcelona Discovery<\/title>\n<meta name=\"description\" content=\"Conoces lo que es la marcha N\u00f3rdica. El objetivo, es dar a conocer la Marcha N\u00f3rdica con una ruta saludable guiada por Mireia Teixid\u00f3. Inscr\u00edbete.\" \/>\n<meta name=\"robots\" content=\"index, follow, max-snippet:-1, max-image-preview:large, max-video-preview:-1\" \/>\n<link rel=\"canonical\" href=\"https:\/\/barcelona-discovery.com\/es\/tours\/marcha-nordica-por-vallgorguina\/\" \/>\n<meta property=\"og:locale\" content=\"es_ES\" \/>\n<meta property=\"og:type\" content=\"article\" \/>\n<meta property=\"og:title\" content=\"Marcha N\u00f2rdica por Vallgorguina - Barcelona Discovery\" \/>\n<meta property=\"og:description\" content=\"Conoces lo que es la marcha N\u00f3rdica. El objetivo, es dar a conocer la Marcha N\u00f3rdica con una ruta saludable guiada por Mireia Teixid\u00f3. Inscr\u00edbete.\" \/>\n<meta property=\"og:url\" content=\"https:\/\/barcelona-discovery.com\/es\/tours\/marcha-nordica-por-vallgorguina\/\" \/>\n<meta property=\"og:site_name\" content=\"Barcelona Discovery\" \/>\n<meta property=\"article:publisher\" content=\"https:\/\/www.facebook.com\/BarcelonaDiscovery\/\" \/>\n<meta property=\"article:modified_time\" content=\"2021-10-17T18:57:04+00:00\" \/>\n<meta property=\"og:image\" content=\"https:\/\/barcelona-discovery.com\/wp-content\/uploads\/2020\/06\/ruta-senderismo-montnegre-i-corredor.jpg\" \/>\n\t<meta property=\"og:image:width\" content=\"1400\" \/>\n\t<meta property=\"og:image:height\" content=\"700\" \/>\n\t<meta property=\"og:image:type\" content=\"image\/jpeg\" \/>\n<meta name=\"twitter:card\" content=\"summary_large_image\" \/>\n<meta name=\"twitter:site\" content=\"@bcn_discovery\" \/>\n<meta name=\"twitter:label1\" content=\"Tiempo de lectura\" \/>\n\t<meta name=\"twitter:data1\" content=\"1 minuto\" \/>\n<script type=\"application\/ld+json\" class=\"yoast-schema-graph\">{\"@context\":\"https:\/\/schema.org\",\"@graph\":[{\"@type\":\"WebPage\",\"@id\":\"https:\/\/barcelona-discovery.com\/es\/tours\/marcha-nordica-por-vallgorguina\/\",\"url\":\"https:\/\/barcelona-discovery.com\/es\/tours\/marcha-nordica-por-vallgorguina\/\",\"name\":\"Marcha N\u00f2rdica por Vallgorguina - Barcelona Discovery\",\"isPartOf\":{\"@id\":\"https:\/\/barcelona-discovery.com\/#website\"},\"primaryImageOfPage\":{\"@id\":\"https:\/\/barcelona-discovery.com\/es\/tours\/marcha-nordica-por-vallgorguina\/#primaryimage\"},\"image\":{\"@id\":\"https:\/\/barcelona-discovery.com\/es\/tours\/marcha-nordica-por-vallgorguina\/#primaryimage\"},\"thumbnailUrl\":\"https:\/\/barcelona-discovery.com\/wp-content\/uploads\/2020\/06\/ruta-senderismo-montnegre-i-corredor.jpg\",\"datePublished\":\"2021-03-04T12:43:57+00:00\",\"dateModified\":\"2021-10-17T18:57:04+00:00\",\"description\":\"Conoces lo que es la marcha N\u00f3rdica. El objetivo, es dar a conocer la Marcha N\u00f3rdica con una ruta saludable guiada por Mireia Teixid\u00f3. Inscr\u00edbete.\",\"breadcrumb\":{\"@id\":\"https:\/\/barcelona-discovery.com\/es\/tours\/marcha-nordica-por-vallgorguina\/#breadcrumb\"},\"inLanguage\":\"es\",\"potentialAction\":[{\"@type\":\"ReadAction\",\"target\":[\"https:\/\/barcelona-discovery.com\/es\/tours\/marcha-nordica-por-vallgorguina\/\"]}]},{\"@type\":\"ImageObject\",\"inLanguage\":\"es\",\"@id\":\"https:\/\/barcelona-discovery.com\/es\/tours\/marcha-nordica-por-vallgorguina\/#primaryimage\",\"url\":\"https:\/\/barcelona-discovery.com\/wp-content\/uploads\/2020\/06\/ruta-senderismo-montnegre-i-corredor.jpg\",\"contentUrl\":\"https:\/\/barcelona-discovery.com\/wp-content\/uploads\/2020\/06\/ruta-senderismo-montnegre-i-corredor.jpg\",\"width\":1400,\"height\":700,\"caption\":\"Rutas guiadas\"},{\"@type\":\"BreadcrumbList\",\"@id\":\"https:\/\/barcelona-discovery.com\/es\/tours\/marcha-nordica-por-vallgorguina\/#breadcrumb\",\"itemListElement\":[{\"@type\":\"ListItem\",\"position\":1,\"name\":\"Home\",\"item\":\"https:\/\/barcelona-discovery.com\/es\/\"},{\"@type\":\"ListItem\",\"position\":2,\"name\":\"Tours\",\"item\":\"https:\/\/barcelona-discovery.com\/tours\/\"},{\"@type\":\"ListItem\",\"position\":3,\"name\":\"Marcha N\u00f3rdica por Vallgorguina\"}]},{\"@type\":\"WebSite\",\"@id\":\"https:\/\/barcelona-discovery.com\/#website\",\"url\":\"https:\/\/barcelona-discovery.com\/\",\"name\":\"Barcelona Discovery\",\"description\":\"Private Tours around Barcelona\",\"publisher\":{\"@id\":\"https:\/\/barcelona-discovery.com\/#organization\"},\"potentialAction\":[{\"@type\":\"SearchAction\",\"target\":{\"@type\":\"EntryPoint\",\"urlTemplate\":\"https:\/\/barcelona-discovery.com\/?s={search_term_string}\"},\"query-input\":{\"@type\":\"PropertyValueSpecification\",\"valueRequired\":true,\"valueName\":\"search_term_string\"}}],\"inLanguage\":\"es\"},{\"@type\":\"Organization\",\"@id\":\"https:\/\/barcelona-discovery.com\/#organization\",\"name\":\"Barcelona Discovery\",\"url\":\"https:\/\/barcelona-discovery.com\/\",\"logo\":{\"@type\":\"ImageObject\",\"inLanguage\":\"es\",\"@id\":\"https:\/\/barcelona-discovery.com\/#\/schema\/logo\/image\/\",\"url\":\"https:\/\/barcelona-discovery.com\/wp-content\/uploads\/2024\/02\/logo-linkein.jpg\",\"contentUrl\":\"https:\/\/barcelona-discovery.com\/wp-content\/uploads\/2024\/02\/logo-linkein.jpg\",\"width\":300,\"height\":300,\"caption\":\"Barcelona Discovery\"},\"image\":{\"@id\":\"https:\/\/barcelona-discovery.com\/#\/schema\/logo\/image\/\"},\"sameAs\":[\"https:\/\/www.facebook.com\/BarcelonaDiscovery\/\",\"https:\/\/x.com\/bcn_discovery\",\"https:\/\/www.instagram.com\/barcelonadiscovery\/\",\"https:\/\/www.youtube.com\/channel\/UCwpragtLkdmFTHCzinFQG_g\"]}]}<\/script>\n<!-- \/ Yoast SEO plugin. -->","yoast_head_json":{"title":"Marcha N\u00f2rdica por Vallgorguina - Barcelona Discovery","description":"Conoces lo que es la marcha N\u00f3rdica. El objetivo, es dar a conocer la Marcha N\u00f3rdica con una ruta saludable guiada por Mireia Teixid\u00f3. Inscr\u00edbete.","robots":{"index":"index","follow":"follow","max-snippet":"max-snippet:-1","max-image-preview":"max-image-preview:large","max-video-preview":"max-video-preview:-1"},"canonical":"https:\/\/barcelona-discovery.com\/es\/tours\/marcha-nordica-por-vallgorguina\/","og_locale":"es_ES","og_type":"article","og_title":"Marcha N\u00f2rdica por Vallgorguina - Barcelona Discovery","og_description":"Conoces lo que es la marcha N\u00f3rdica. El objetivo, es dar a conocer la Marcha N\u00f3rdica con una ruta saludable guiada por Mireia Teixid\u00f3. Inscr\u00edbete.","og_url":"https:\/\/barcelona-discovery.com\/es\/tours\/marcha-nordica-por-vallgorguina\/","og_site_name":"Barcelona Discovery","article_publisher":"https:\/\/www.facebook.com\/BarcelonaDiscovery\/","article_modified_time":"2021-10-17T18:57:04+00:00","og_image":[{"width":1400,"height":700,"url":"https:\/\/barcelona-discovery.com\/wp-content\/uploads\/2020\/06\/ruta-senderismo-montnegre-i-corredor.jpg","type":"image\/jpeg"}],"twitter_card":"summary_large_image","twitter_site":"@bcn_discovery","twitter_misc":{"Tiempo de lectura":"1 minuto"},"schema":{"@context":"https:\/\/schema.org","@graph":[{"@type":"WebPage","@id":"https:\/\/barcelona-discovery.com\/es\/tours\/marcha-nordica-por-vallgorguina\/","url":"https:\/\/barcelona-discovery.com\/es\/tours\/marcha-nordica-por-vallgorguina\/","name":"Marcha N\u00f2rdica por Vallgorguina - Barcelona Discovery","isPartOf":{"@id":"https:\/\/barcelona-discovery.com\/#website"},"primaryImageOfPage":{"@id":"https:\/\/barcelona-discovery.com\/es\/tours\/marcha-nordica-por-vallgorguina\/#primaryimage"},"image":{"@id":"https:\/\/barcelona-discovery.com\/es\/tours\/marcha-nordica-por-vallgorguina\/#primaryimage"},"thumbnailUrl":"https:\/\/barcelona-discovery.com\/wp-content\/uploads\/2020\/06\/ruta-senderismo-montnegre-i-corredor.jpg","datePublished":"2021-03-04T12:43:57+00:00","dateModified":"2021-10-17T18:57:04+00:00","description":"Conoces lo que es la marcha N\u00f3rdica. El objetivo, es dar a conocer la Marcha N\u00f3rdica con una ruta saludable guiada por Mireia Teixid\u00f3. Inscr\u00edbete.","breadcrumb":{"@id":"https:\/\/barcelona-discovery.com\/es\/tours\/marcha-nordica-por-vallgorguina\/#breadcrumb"},"inLanguage":"es","potentialAction":[{"@type":"ReadAction","target":["https:\/\/barcelona-discovery.com\/es\/tours\/marcha-nordica-por-vallgorguina\/"]}]},{"@type":"ImageObject","inLanguage":"es","@id":"https:\/\/barcelona-discovery.com\/es\/tours\/marcha-nordica-por-vallgorguina\/#primaryimage","url":"https:\/\/barcelona-discovery.com\/wp-content\/uploads\/2020\/06\/ruta-senderismo-montnegre-i-corredor.jpg","contentUrl":"https:\/\/barcelona-discovery.com\/wp-content\/uploads\/2020\/06\/ruta-senderismo-montnegre-i-corredor.jpg","width":1400,"height":700,"caption":"Rutas guiadas"},{"@type":"BreadcrumbList","@id":"https:\/\/barcelona-discovery.com\/es\/tours\/marcha-nordica-por-vallgorguina\/#breadcrumb","itemListElement":[{"@type":"ListItem","position":1,"name":"Home","item":"https:\/\/barcelona-discovery.com\/es\/"},{"@type":"ListItem","position":2,"name":"Tours","item":"https:\/\/barcelona-discovery.com\/tours\/"},{"@type":"ListItem","position":3,"name":"Marcha N\u00f3rdica por Vallgorguina"}]},{"@type":"WebSite","@id":"https:\/\/barcelona-discovery.com\/#website","url":"https:\/\/barcelona-discovery.com\/","name":"Barcelona Discovery","description":"Private Tours around Barcelona","publisher":{"@id":"https:\/\/barcelona-discovery.com\/#organization"},"potentialAction":[{"@type":"SearchAction","target":{"@type":"EntryPoint","urlTemplate":"https:\/\/barcelona-discovery.com\/?s={search_term_string}"},"query-input":{"@type":"PropertyValueSpecification","valueRequired":true,"valueName":"search_term_string"}}],"inLanguage":"es"},{"@type":"Organization","@id":"https:\/\/barcelona-discovery.com\/#organization","name":"Barcelona Discovery","url":"https:\/\/barcelona-discovery.com\/","logo":{"@type":"ImageObject","inLanguage":"es","@id":"https:\/\/barcelona-discovery.com\/#\/schema\/logo\/image\/","url":"https:\/\/barcelona-discovery.com\/wp-content\/uploads\/2024\/02\/logo-linkein.jpg","contentUrl":"https:\/\/barcelona-discovery.com\/wp-content\/uploads\/2024\/02\/logo-linkein.jpg","width":300,"height":300,"caption":"Barcelona Discovery"},"image":{"@id":"https:\/\/barcelona-discovery.com\/#\/schema\/logo\/image\/"},"sameAs":["https:\/\/www.facebook.com\/BarcelonaDiscovery\/","https:\/\/x.com\/bcn_discovery","https:\/\/www.instagram.com\/barcelonadiscovery\/","https:\/\/www.youtube.com\/channel\/UCwpragtLkdmFTHCzinFQG_g"]}]}},"_links":{"self":[{"href":"https:\/\/barcelona-discovery.com\/es\/wp-json\/wp\/v2\/product\/6748","targetHints":{"allow":["GET"]}}],"collection":[{"href":"https:\/\/barcelona-discovery.com\/es\/wp-json\/wp\/v2\/product"}],"about":[{"href":"https:\/\/barcelona-discovery.com\/es\/wp-json\/wp\/v2\/types\/product"}],"replies":[{"embeddable":true,"href":"https:\/\/barcelona-discovery.com\/es\/wp-json\/wp\/v2\/comments?post=6748"}],"wp:featuredmedia":[{"embeddable":true,"href":"https:\/\/barcelona-discovery.com\/es\/wp-json\/wp\/v2\/media\/5503"}],"wp:attachment":[{"href":"https:\/\/barcelona-discovery.com\/es\/wp-json\/wp\/v2\/media?parent=6748"}],"wp:term":[{"taxonomy":"product_brand","embeddable":true,"href":"https:\/\/barcelona-discovery.com\/es\/wp-json\/wp\/v2\/product_brand?post=6748"},{"taxonomy":"product_cat","embeddable":true,"href":"https:\/\/barcelona-discovery.com\/es\/wp-json\/wp\/v2\/product_cat?post=6748"},{"taxonomy":"product_tag","embeddable":true,"href":"https:\/\/barcelona-discovery.com\/es\/wp-json\/wp\/v2\/product_tag?post=6748"}],"curies":[{"name":"wp","href":"https:\/\/api.w.org\/{rel}","templated":true}]}}