{"id":6772,"date":"2020-09-05T15:58:40","date_gmt":"2020-09-05T14:58:40","guid":{"rendered":"https:\/\/barcelona-discovery.com\/shop\/salida-etnobotanica-familiar\/"},"modified":"2021-03-04T13:11:31","modified_gmt":"2021-03-04T12:11:31","slug":"salida-etnobotanica-familiar","status":"publish","type":"product","link":"https:\/\/barcelona-discovery.com\/es\/tours\/salida-etnobotanica-familiar\/","title":{"rendered":"Salida Etnobot\u00e1nica Familiar."},"content":{"rendered":"<h1>\u00bfTe gustar\u00eda aprender a hacer un herbario?<\/h1>\n<p>Inscr\u00edbete a la salida etnobot\u00e1nica que realizaremos el pr\u00f3ximo d\u00eda 11 de Abril a las 11.00 hrs en la poblaci\u00f3n de Vallgorguina, el punto de encuentro ser\u00e1 la Plaza de la Villa en Vallgorguina.<\/p>\n<p>De las manos de la bi\u00f3loga y experta en fitoterapia <strong>Susanna Arjalaguer<\/strong>, daremos un paseo donde descubriremos plantas medicinales y hierbas para cocinar.<\/p>\n<p>Reconoceremos y identificaremos las hierbas medicinales que nos encontraremos por el camino; Susanna nos explicar\u00e1 c\u00f3mo se recolectan, como se secan y c\u00f3mo se guardan.<\/p>\n<p><strong>Atenci\u00f3n !!<\/strong> Descubrir\u00e1s los detalles que hay escondidos en las diferentes plantas ,gracias a una lupa m\u00e1s potente !!<\/p>\n<p><strong>\u00bfEst\u00e1is preparados?<\/strong><\/p>\n<p>Con las plantas que iremos encontrando por el bosque confeccionar\u00e9is vuestro propio <strong>herbario<\/strong>, conociendo cada planta y sus usos, podeis crear vuestra libreta de la naturaleza.<\/p>\n<p>Para informaci\u00f3n e inscripciones, escribir un email a<strong> info@barcelona-discovery.com.<\/strong><\/p>\n<p><strong>Material necesario:<\/strong><\/p>\n<p>Libreta<\/p>\n<p>L\u00e1piz<\/p>\n<p>Goma<\/p>\n<p>Lupa<\/p>\n<p>Bol\u00edgrafo<\/p>\n<p>&nbsp;<\/p>\n<p>* <strong>Covid-19 &#8211; ATENCI\u00d3N<\/strong>: Debido al Covid-19, establecemos unas medidas de seguridad siguiendo las recomendaciones de las autoridades sanitarias, hasta nuevo aviso. Las salidas ser\u00e1n en grupos reducidos y los gu\u00edas utilizar\u00e1n mascarilla, altavoces o radiogu\u00edas y medidas de distanciamiento adecuadas. Tambi\u00e9n habr\u00e1 unas medidas de obligado cumplimiento por los asistentes:<\/p>\n<ul>\n<li>Uso de mascarilla durante toda la duraci\u00f3n de la actividad.<\/li>\n<li>Mantener 1,5-2 metros de distancia m\u00ednimo entre los participantes.<\/li>\n<li>Se recomienda el uso de gel hidroalcoh\u00f3lico.<\/li>\n<\/ul>\n","protected":false},"excerpt":{"rendered":"<p><strong>\u00bfTe gustar\u00eda aprender a hacer un herbario?<\/strong><\/p>\n","protected":false},"featured_media":5872,"comment_status":"open","ping_status":"closed","template":"","meta":[],"product_brand":[],"product_cat":[297],"product_tag":[],"class_list":{"0":"post-6772","1":"product","2":"type-product","3":"status-publish","4":"has-post-thumbnail","6":"product_cat-uncategorized","7":"pa_tour-types-land-experiences-aventuras-montana-es","9":"first","10":"instock","11":"shipping-taxable","12":"purchasable","13":"product-type-tour_phys"},"yoast_head":"<!-- This site is optimized with the Yoast SEO plugin v26.1.1 - https:\/\/yoast.com\/wordpress\/plugins\/seo\/ -->\n<title>Salida Etnobot\u00e1nica Familiar - Actividad en la Naturaleza- Vallgorguina<\/title>\n<meta name=\"description\" content=\"Hacemos de investigadores? Te gustar\u00eda aprender a hacer un herbario? Inscr\u00edbete a la salida etnobot\u00e1nica familiar que realizaremos en Vallgorguina.\" \/>\n<meta name=\"robots\" content=\"index, follow, max-snippet:-1, max-image-preview:large, max-video-preview:-1\" \/>\n<link rel=\"canonical\" href=\"https:\/\/barcelona-discovery.com\/es\/tours\/salida-etnobotanica-familiar\/\" \/>\n<meta property=\"og:locale\" content=\"es_ES\" \/>\n<meta property=\"og:type\" content=\"article\" \/>\n<meta property=\"og:title\" content=\"Salida Etnobot\u00e1nica Familiar - Actividad en la Naturaleza- Vallgorguina\" \/>\n<meta property=\"og:description\" content=\"Hacemos de investigadores? Te gustar\u00eda aprender a hacer un herbario? Inscr\u00edbete a la salida etnobot\u00e1nica familiar que realizaremos en Vallgorguina.\" \/>\n<meta property=\"og:url\" content=\"https:\/\/barcelona-discovery.com\/es\/tours\/salida-etnobotanica-familiar\/\" \/>\n<meta property=\"og:site_name\" content=\"Barcelona Discovery\" \/>\n<meta property=\"article:publisher\" content=\"https:\/\/www.facebook.com\/BarcelonaDiscovery\/\" \/>\n<meta property=\"article:modified_time\" content=\"2021-03-04T12:11:31+00:00\" \/>\n<meta property=\"og:image\" content=\"https:\/\/barcelona-discovery.com\/wp-content\/uploads\/2020\/09\/IMG_20190505_111921-1200x250.jpg\" \/>\n\t<meta property=\"og:image:width\" content=\"1200\" \/>\n\t<meta property=\"og:image:height\" content=\"250\" \/>\n\t<meta property=\"og:image:type\" content=\"image\/jpeg\" \/>\n<meta name=\"twitter:card\" content=\"summary_large_image\" \/>\n<meta name=\"twitter:site\" content=\"@bcn_discovery\" \/>\n<meta name=\"twitter:label1\" content=\"Tiempo de lectura\" \/>\n\t<meta name=\"twitter:data1\" content=\"1 minuto\" \/>\n<script type=\"application\/ld+json\" class=\"yoast-schema-graph\">{\"@context\":\"https:\/\/schema.org\",\"@graph\":[{\"@type\":\"WebPage\",\"@id\":\"https:\/\/barcelona-discovery.com\/es\/tours\/salida-etnobotanica-familiar\/\",\"url\":\"https:\/\/barcelona-discovery.com\/es\/tours\/salida-etnobotanica-familiar\/\",\"name\":\"Salida Etnobot\u00e1nica Familiar - Actividad en la Naturaleza- Vallgorguina\",\"isPartOf\":{\"@id\":\"https:\/\/barcelona-discovery.com\/#website\"},\"primaryImageOfPage\":{\"@id\":\"https:\/\/barcelona-discovery.com\/es\/tours\/salida-etnobotanica-familiar\/#primaryimage\"},\"image\":{\"@id\":\"https:\/\/barcelona-discovery.com\/es\/tours\/salida-etnobotanica-familiar\/#primaryimage\"},\"thumbnailUrl\":\"https:\/\/barcelona-discovery.com\/wp-content\/uploads\/2020\/09\/IMG_20190505_111921.jpg\",\"datePublished\":\"2020-09-05T14:58:40+00:00\",\"dateModified\":\"2021-03-04T12:11:31+00:00\",\"description\":\"Hacemos de investigadores? Te gustar\u00eda aprender a hacer un herbario? Inscr\u00edbete a la salida etnobot\u00e1nica familiar que realizaremos en Vallgorguina.\",\"breadcrumb\":{\"@id\":\"https:\/\/barcelona-discovery.com\/es\/tours\/salida-etnobotanica-familiar\/#breadcrumb\"},\"inLanguage\":\"es\",\"potentialAction\":[{\"@type\":\"ReadAction\",\"target\":[\"https:\/\/barcelona-discovery.com\/es\/tours\/salida-etnobotanica-familiar\/\"]}]},{\"@type\":\"ImageObject\",\"inLanguage\":\"es\",\"@id\":\"https:\/\/barcelona-discovery.com\/es\/tours\/salida-etnobotanica-familiar\/#primaryimage\",\"url\":\"https:\/\/barcelona-discovery.com\/wp-content\/uploads\/2020\/09\/IMG_20190505_111921.jpg\",\"contentUrl\":\"https:\/\/barcelona-discovery.com\/wp-content\/uploads\/2020\/09\/IMG_20190505_111921.jpg\",\"width\":4032,\"height\":3016},{\"@type\":\"BreadcrumbList\",\"@id\":\"https:\/\/barcelona-discovery.com\/es\/tours\/salida-etnobotanica-familiar\/#breadcrumb\",\"itemListElement\":[{\"@type\":\"ListItem\",\"position\":1,\"name\":\"Home\",\"item\":\"https:\/\/barcelona-discovery.com\/es\/\"},{\"@type\":\"ListItem\",\"position\":2,\"name\":\"Tours\",\"item\":\"https:\/\/barcelona-discovery.com\/tours\/\"},{\"@type\":\"ListItem\",\"position\":3,\"name\":\"Salida Etnobot\u00e1nica Familiar.\"}]},{\"@type\":\"WebSite\",\"@id\":\"https:\/\/barcelona-discovery.com\/#website\",\"url\":\"https:\/\/barcelona-discovery.com\/\",\"name\":\"Barcelona Discovery\",\"description\":\"Private Tours around Barcelona\",\"publisher\":{\"@id\":\"https:\/\/barcelona-discovery.com\/#organization\"},\"potentialAction\":[{\"@type\":\"SearchAction\",\"target\":{\"@type\":\"EntryPoint\",\"urlTemplate\":\"https:\/\/barcelona-discovery.com\/?s={search_term_string}\"},\"query-input\":{\"@type\":\"PropertyValueSpecification\",\"valueRequired\":true,\"valueName\":\"search_term_string\"}}],\"inLanguage\":\"es\"},{\"@type\":\"Organization\",\"@id\":\"https:\/\/barcelona-discovery.com\/#organization\",\"name\":\"Barcelona Discovery\",\"url\":\"https:\/\/barcelona-discovery.com\/\",\"logo\":{\"@type\":\"ImageObject\",\"inLanguage\":\"es\",\"@id\":\"https:\/\/barcelona-discovery.com\/#\/schema\/logo\/image\/\",\"url\":\"https:\/\/barcelona-discovery.com\/wp-content\/uploads\/2024\/02\/logo-linkein.jpg\",\"contentUrl\":\"https:\/\/barcelona-discovery.com\/wp-content\/uploads\/2024\/02\/logo-linkein.jpg\",\"width\":300,\"height\":300,\"caption\":\"Barcelona Discovery\"},\"image\":{\"@id\":\"https:\/\/barcelona-discovery.com\/#\/schema\/logo\/image\/\"},\"sameAs\":[\"https:\/\/www.facebook.com\/BarcelonaDiscovery\/\",\"https:\/\/x.com\/bcn_discovery\",\"https:\/\/www.instagram.com\/barcelonadiscovery\/\",\"https:\/\/www.youtube.com\/channel\/UCwpragtLkdmFTHCzinFQG_g\"]}]}<\/script>\n<!-- \/ Yoast SEO plugin. -->","yoast_head_json":{"title":"Salida Etnobot\u00e1nica Familiar - Actividad en la Naturaleza- Vallgorguina","description":"Hacemos de investigadores? Te gustar\u00eda aprender a hacer un herbario? Inscr\u00edbete a la salida etnobot\u00e1nica familiar que realizaremos en Vallgorguina.","robots":{"index":"index","follow":"follow","max-snippet":"max-snippet:-1","max-image-preview":"max-image-preview:large","max-video-preview":"max-video-preview:-1"},"canonical":"https:\/\/barcelona-discovery.com\/es\/tours\/salida-etnobotanica-familiar\/","og_locale":"es_ES","og_type":"article","og_title":"Salida Etnobot\u00e1nica Familiar - Actividad en la Naturaleza- Vallgorguina","og_description":"Hacemos de investigadores? Te gustar\u00eda aprender a hacer un herbario? Inscr\u00edbete a la salida etnobot\u00e1nica familiar que realizaremos en Vallgorguina.","og_url":"https:\/\/barcelona-discovery.com\/es\/tours\/salida-etnobotanica-familiar\/","og_site_name":"Barcelona Discovery","article_publisher":"https:\/\/www.facebook.com\/BarcelonaDiscovery\/","article_modified_time":"2021-03-04T12:11:31+00:00","og_image":[{"width":1200,"height":250,"url":"https:\/\/barcelona-discovery.com\/wp-content\/uploads\/2020\/09\/IMG_20190505_111921-1200x250.jpg","type":"image\/jpeg"}],"twitter_card":"summary_large_image","twitter_site":"@bcn_discovery","twitter_misc":{"Tiempo de lectura":"1 minuto"},"schema":{"@context":"https:\/\/schema.org","@graph":[{"@type":"WebPage","@id":"https:\/\/barcelona-discovery.com\/es\/tours\/salida-etnobotanica-familiar\/","url":"https:\/\/barcelona-discovery.com\/es\/tours\/salida-etnobotanica-familiar\/","name":"Salida Etnobot\u00e1nica Familiar - Actividad en la Naturaleza- Vallgorguina","isPartOf":{"@id":"https:\/\/barcelona-discovery.com\/#website"},"primaryImageOfPage":{"@id":"https:\/\/barcelona-discovery.com\/es\/tours\/salida-etnobotanica-familiar\/#primaryimage"},"image":{"@id":"https:\/\/barcelona-discovery.com\/es\/tours\/salida-etnobotanica-familiar\/#primaryimage"},"thumbnailUrl":"https:\/\/barcelona-discovery.com\/wp-content\/uploads\/2020\/09\/IMG_20190505_111921.jpg","datePublished":"2020-09-05T14:58:40+00:00","dateModified":"2021-03-04T12:11:31+00:00","description":"Hacemos de investigadores? Te gustar\u00eda aprender a hacer un herbario? Inscr\u00edbete a la salida etnobot\u00e1nica familiar que realizaremos en Vallgorguina.","breadcrumb":{"@id":"https:\/\/barcelona-discovery.com\/es\/tours\/salida-etnobotanica-familiar\/#breadcrumb"},"inLanguage":"es","potentialAction":[{"@type":"ReadAction","target":["https:\/\/barcelona-discovery.com\/es\/tours\/salida-etnobotanica-familiar\/"]}]},{"@type":"ImageObject","inLanguage":"es","@id":"https:\/\/barcelona-discovery.com\/es\/tours\/salida-etnobotanica-familiar\/#primaryimage","url":"https:\/\/barcelona-discovery.com\/wp-content\/uploads\/2020\/09\/IMG_20190505_111921.jpg","contentUrl":"https:\/\/barcelona-discovery.com\/wp-content\/uploads\/2020\/09\/IMG_20190505_111921.jpg","width":4032,"height":3016},{"@type":"BreadcrumbList","@id":"https:\/\/barcelona-discovery.com\/es\/tours\/salida-etnobotanica-familiar\/#breadcrumb","itemListElement":[{"@type":"ListItem","position":1,"name":"Home","item":"https:\/\/barcelona-discovery.com\/es\/"},{"@type":"ListItem","position":2,"name":"Tours","item":"https:\/\/barcelona-discovery.com\/tours\/"},{"@type":"ListItem","position":3,"name":"Salida Etnobot\u00e1nica Familiar."}]},{"@type":"WebSite","@id":"https:\/\/barcelona-discovery.com\/#website","url":"https:\/\/barcelona-discovery.com\/","name":"Barcelona Discovery","description":"Private Tours around Barcelona","publisher":{"@id":"https:\/\/barcelona-discovery.com\/#organization"},"potentialAction":[{"@type":"SearchAction","target":{"@type":"EntryPoint","urlTemplate":"https:\/\/barcelona-discovery.com\/?s={search_term_string}"},"query-input":{"@type":"PropertyValueSpecification","valueRequired":true,"valueName":"search_term_string"}}],"inLanguage":"es"},{"@type":"Organization","@id":"https:\/\/barcelona-discovery.com\/#organization","name":"Barcelona Discovery","url":"https:\/\/barcelona-discovery.com\/","logo":{"@type":"ImageObject","inLanguage":"es","@id":"https:\/\/barcelona-discovery.com\/#\/schema\/logo\/image\/","url":"https:\/\/barcelona-discovery.com\/wp-content\/uploads\/2024\/02\/logo-linkein.jpg","contentUrl":"https:\/\/barcelona-discovery.com\/wp-content\/uploads\/2024\/02\/logo-linkein.jpg","width":300,"height":300,"caption":"Barcelona Discovery"},"image":{"@id":"https:\/\/barcelona-discovery.com\/#\/schema\/logo\/image\/"},"sameAs":["https:\/\/www.facebook.com\/BarcelonaDiscovery\/","https:\/\/x.com\/bcn_discovery","https:\/\/www.instagram.com\/barcelonadiscovery\/","https:\/\/www.youtube.com\/channel\/UCwpragtLkdmFTHCzinFQG_g"]}]}},"_links":{"self":[{"href":"https:\/\/barcelona-discovery.com\/es\/wp-json\/wp\/v2\/product\/6772","targetHints":{"allow":["GET"]}}],"collection":[{"href":"https:\/\/barcelona-discovery.com\/es\/wp-json\/wp\/v2\/product"}],"about":[{"href":"https:\/\/barcelona-discovery.com\/es\/wp-json\/wp\/v2\/types\/product"}],"replies":[{"embeddable":true,"href":"https:\/\/barcelona-discovery.com\/es\/wp-json\/wp\/v2\/comments?post=6772"}],"wp:featuredmedia":[{"embeddable":true,"href":"https:\/\/barcelona-discovery.com\/es\/wp-json\/wp\/v2\/media\/5872"}],"wp:attachment":[{"href":"https:\/\/barcelona-discovery.com\/es\/wp-json\/wp\/v2\/media?parent=6772"}],"wp:term":[{"taxonomy":"product_brand","embeddable":true,"href":"https:\/\/barcelona-discovery.com\/es\/wp-json\/wp\/v2\/product_brand?post=6772"},{"taxonomy":"product_cat","embeddable":true,"href":"https:\/\/barcelona-discovery.com\/es\/wp-json\/wp\/v2\/product_cat?post=6772"},{"taxonomy":"product_tag","embeddable":true,"href":"https:\/\/barcelona-discovery.com\/es\/wp-json\/wp\/v2\/product_tag?post=6772"}],"curies":[{"name":"wp","href":"https:\/\/api.w.org\/{rel}","templated":true}]}}