{"id":8274,"date":"2025-03-10T13:56:29","date_gmt":"2025-03-10T12:56:29","guid":{"rendered":"https:\/\/barcelona-discovery.com\/?post_type=product&#038;p=8274"},"modified":"2025-03-10T14:11:32","modified_gmt":"2025-03-10T13:11:32","slug":"actividad-en-la-naturaleza-conocemos-el-mundo-de-las-abejas","status":"publish","type":"product","link":"https:\/\/barcelona-discovery.com\/es\/tours\/actividad-en-la-naturaleza-conocemos-el-mundo-de-las-abejas\/","title":{"rendered":"Conoce el mundo de las abejas"},"content":{"rendered":"<h1><strong>S\u00c9 APICULTOR POR UN D\u00cdA !!<\/strong><\/h1>\n<p>Ven a disfrutar de esta <em><strong>&#8220;actividad en familia &#8220;<\/strong><\/em><\/p>\n<p>Conoce de primera mano c\u00f3mo es el trabajo de un apicultor ecol\u00f3gico y su relaci\u00f3n con la naturaleza.<\/p>\n<p>Nos encontraremos en casa de David, el apicultor ecol\u00f3gico de MEL DELS ERMS, donde nos introducir\u00e1 en la <strong>biolog\u00eda de la abeja<\/strong> para familiarizarnos con ella y su entorno.<\/p>\n<p><strong>Visitaremos el apiario<\/strong>, donde haremos un peque\u00f1o paseo para conocer la<strong> flora del entorno<\/strong> y valoraremos la importancia de su ubicaci\u00f3n en el<strong> &#8220;Parque Natural del Montseny. &#8220;<\/strong><\/p>\n<p>Quieres visitar donde viven las abejas?<\/p>\n<p>Nos pondremos el<strong> equipo de apicultor<\/strong> y visitaremos las abejas, abriendo una colmena. As\u00ed conoceremos su funcionamiento y veremos a sus peque\u00f1os-grandes habitantes.<\/p>\n<p>Despu\u00e9s toca descubrir el Obrador, donde se explicar\u00e1 in situ el proceso de extracci\u00f3n de la miel.<\/p>\n<p>Para finalizar disfrutaremos de una degustaci\u00f3n de las diferentes mieles que David produce.<\/p>\n","protected":false},"excerpt":{"rendered":"<p>S\u00c9 APICULTOR POR UN D\u00cdA !!<br \/>\nVen a disfrutar de esta &#8220;actividad en familia &#8220;<br \/>\nConoce de primera mano c\u00f3mo es el trabajo de un apicultor ecol\u00f3gico y su relaci\u00f3n <\/p>\n","protected":false},"featured_media":6809,"comment_status":"closed","ping_status":"closed","template":"","meta":[],"product_brand":[],"product_cat":[297],"product_tag":[],"class_list":{"0":"post-8274","1":"product","2":"type-product","3":"status-publish","4":"has-post-thumbnail","6":"product_cat-uncategorized","7":"pa_tour-types-land-experiences-aventuras-montana-es","8":"tour_phys-land-experiences","9":"tour_phys-regala-experiencias","11":"first","12":"instock","13":"shipping-taxable","14":"purchasable","15":"product-type-tour_phys"},"yoast_head":"<!-- This site is optimized with the Yoast SEO plugin v26.1.1 - https:\/\/yoast.com\/wordpress\/plugins\/seo\/ -->\n<title>Conoce el mundo de las abejas - Barcelona Discovery<\/title>\n<meta name=\"robots\" content=\"index, follow, max-snippet:-1, max-image-preview:large, max-video-preview:-1\" \/>\n<link rel=\"canonical\" href=\"https:\/\/barcelona-discovery.com\/es\/producto\/actividad-en-la-naturaleza-conocemos-el-mundo-de-las-abejas\/\" \/>\n<meta property=\"og:locale\" content=\"es_ES\" \/>\n<meta property=\"og:type\" content=\"article\" \/>\n<meta property=\"og:title\" content=\"Conoce el mundo de las abejas - Barcelona Discovery\" \/>\n<meta property=\"og:description\" content=\"S\u00c9 APICULTOR POR UN D\u00cdA !! Ven a disfrutar de esta &#8220;actividad en familia &#8220; Conoce de primera mano c\u00f3mo es el trabajo de un apicultor ecol\u00f3gico y su relaci\u00f3n\" \/>\n<meta property=\"og:url\" content=\"https:\/\/barcelona-discovery.com\/es\/producto\/actividad-en-la-naturaleza-conocemos-el-mundo-de-las-abejas\/\" \/>\n<meta property=\"og:site_name\" content=\"Barcelona Discovery\" \/>\n<meta property=\"article:publisher\" content=\"https:\/\/www.facebook.com\/BarcelonaDiscovery\/\" \/>\n<meta property=\"article:modified_time\" content=\"2025-03-10T13:11:32+00:00\" \/>\n<meta property=\"og:image\" content=\"https:\/\/barcelona-discovery.com\/wp-content\/uploads\/2021\/03\/activitat-amb-les-abelles.jpg\" \/>\n\t<meta property=\"og:image:width\" content=\"1400\" \/>\n\t<meta property=\"og:image:height\" content=\"700\" \/>\n\t<meta property=\"og:image:type\" content=\"image\/jpeg\" \/>\n<meta name=\"twitter:card\" content=\"summary_large_image\" \/>\n<meta name=\"twitter:site\" content=\"@bcn_discovery\" \/>\n<meta name=\"twitter:label1\" content=\"Tiempo de lectura\" \/>\n\t<meta name=\"twitter:data1\" content=\"1 minuto\" \/>\n<script type=\"application\/ld+json\" class=\"yoast-schema-graph\">{\"@context\":\"https:\/\/schema.org\",\"@graph\":[{\"@type\":\"WebPage\",\"@id\":\"https:\/\/barcelona-discovery.com\/es\/producto\/actividad-en-la-naturaleza-conocemos-el-mundo-de-las-abejas\/\",\"url\":\"https:\/\/barcelona-discovery.com\/es\/producto\/actividad-en-la-naturaleza-conocemos-el-mundo-de-las-abejas\/\",\"name\":\"Conoce el mundo de las abejas - Barcelona Discovery\",\"isPartOf\":{\"@id\":\"https:\/\/barcelona-discovery.com\/#website\"},\"primaryImageOfPage\":{\"@id\":\"https:\/\/barcelona-discovery.com\/es\/producto\/actividad-en-la-naturaleza-conocemos-el-mundo-de-las-abejas\/#primaryimage\"},\"image\":{\"@id\":\"https:\/\/barcelona-discovery.com\/es\/producto\/actividad-en-la-naturaleza-conocemos-el-mundo-de-las-abejas\/#primaryimage\"},\"thumbnailUrl\":\"https:\/\/barcelona-discovery.com\/wp-content\/uploads\/2021\/03\/activitat-amb-les-abelles.jpg\",\"datePublished\":\"2025-03-10T12:56:29+00:00\",\"dateModified\":\"2025-03-10T13:11:32+00:00\",\"breadcrumb\":{\"@id\":\"https:\/\/barcelona-discovery.com\/es\/producto\/actividad-en-la-naturaleza-conocemos-el-mundo-de-las-abejas\/#breadcrumb\"},\"inLanguage\":\"es\",\"potentialAction\":[{\"@type\":\"ReadAction\",\"target\":[\"https:\/\/barcelona-discovery.com\/es\/producto\/actividad-en-la-naturaleza-conocemos-el-mundo-de-las-abejas\/\"]}]},{\"@type\":\"ImageObject\",\"inLanguage\":\"es\",\"@id\":\"https:\/\/barcelona-discovery.com\/es\/producto\/actividad-en-la-naturaleza-conocemos-el-mundo-de-las-abejas\/#primaryimage\",\"url\":\"https:\/\/barcelona-discovery.com\/wp-content\/uploads\/2021\/03\/activitat-amb-les-abelles.jpg\",\"contentUrl\":\"https:\/\/barcelona-discovery.com\/wp-content\/uploads\/2021\/03\/activitat-amb-les-abelles.jpg\",\"width\":1400,\"height\":700},{\"@type\":\"BreadcrumbList\",\"@id\":\"https:\/\/barcelona-discovery.com\/es\/producto\/actividad-en-la-naturaleza-conocemos-el-mundo-de-las-abejas\/#breadcrumb\",\"itemListElement\":[{\"@type\":\"ListItem\",\"position\":1,\"name\":\"Home\",\"item\":\"https:\/\/barcelona-discovery.com\/es\/\"},{\"@type\":\"ListItem\",\"position\":2,\"name\":\"Tours\",\"item\":\"https:\/\/barcelona-discovery.com\/tours\/\"},{\"@type\":\"ListItem\",\"position\":3,\"name\":\"Conoce el mundo de las abejas\"}]},{\"@type\":\"WebSite\",\"@id\":\"https:\/\/barcelona-discovery.com\/#website\",\"url\":\"https:\/\/barcelona-discovery.com\/\",\"name\":\"Barcelona Discovery\",\"description\":\"Private Tours around Barcelona\",\"publisher\":{\"@id\":\"https:\/\/barcelona-discovery.com\/#organization\"},\"potentialAction\":[{\"@type\":\"SearchAction\",\"target\":{\"@type\":\"EntryPoint\",\"urlTemplate\":\"https:\/\/barcelona-discovery.com\/?s={search_term_string}\"},\"query-input\":{\"@type\":\"PropertyValueSpecification\",\"valueRequired\":true,\"valueName\":\"search_term_string\"}}],\"inLanguage\":\"es\"},{\"@type\":\"Organization\",\"@id\":\"https:\/\/barcelona-discovery.com\/#organization\",\"name\":\"Barcelona Discovery\",\"url\":\"https:\/\/barcelona-discovery.com\/\",\"logo\":{\"@type\":\"ImageObject\",\"inLanguage\":\"es\",\"@id\":\"https:\/\/barcelona-discovery.com\/#\/schema\/logo\/image\/\",\"url\":\"https:\/\/barcelona-discovery.com\/wp-content\/uploads\/2024\/02\/logo-linkein.jpg\",\"contentUrl\":\"https:\/\/barcelona-discovery.com\/wp-content\/uploads\/2024\/02\/logo-linkein.jpg\",\"width\":300,\"height\":300,\"caption\":\"Barcelona Discovery\"},\"image\":{\"@id\":\"https:\/\/barcelona-discovery.com\/#\/schema\/logo\/image\/\"},\"sameAs\":[\"https:\/\/www.facebook.com\/BarcelonaDiscovery\/\",\"https:\/\/x.com\/bcn_discovery\",\"https:\/\/www.instagram.com\/barcelonadiscovery\/\",\"https:\/\/www.youtube.com\/channel\/UCwpragtLkdmFTHCzinFQG_g\"]}]}<\/script>\n<!-- \/ Yoast SEO plugin. -->","yoast_head_json":{"title":"Conoce el mundo de las abejas - Barcelona Discovery","robots":{"index":"index","follow":"follow","max-snippet":"max-snippet:-1","max-image-preview":"max-image-preview:large","max-video-preview":"max-video-preview:-1"},"canonical":"https:\/\/barcelona-discovery.com\/es\/producto\/actividad-en-la-naturaleza-conocemos-el-mundo-de-las-abejas\/","og_locale":"es_ES","og_type":"article","og_title":"Conoce el mundo de las abejas - Barcelona Discovery","og_description":"S\u00c9 APICULTOR POR UN D\u00cdA !! Ven a disfrutar de esta &#8220;actividad en familia &#8220; Conoce de primera mano c\u00f3mo es el trabajo de un apicultor ecol\u00f3gico y su relaci\u00f3n","og_url":"https:\/\/barcelona-discovery.com\/es\/producto\/actividad-en-la-naturaleza-conocemos-el-mundo-de-las-abejas\/","og_site_name":"Barcelona Discovery","article_publisher":"https:\/\/www.facebook.com\/BarcelonaDiscovery\/","article_modified_time":"2025-03-10T13:11:32+00:00","og_image":[{"width":1400,"height":700,"url":"https:\/\/barcelona-discovery.com\/wp-content\/uploads\/2021\/03\/activitat-amb-les-abelles.jpg","type":"image\/jpeg"}],"twitter_card":"summary_large_image","twitter_site":"@bcn_discovery","twitter_misc":{"Tiempo de lectura":"1 minuto"},"schema":{"@context":"https:\/\/schema.org","@graph":[{"@type":"WebPage","@id":"https:\/\/barcelona-discovery.com\/es\/producto\/actividad-en-la-naturaleza-conocemos-el-mundo-de-las-abejas\/","url":"https:\/\/barcelona-discovery.com\/es\/producto\/actividad-en-la-naturaleza-conocemos-el-mundo-de-las-abejas\/","name":"Conoce el mundo de las abejas - Barcelona Discovery","isPartOf":{"@id":"https:\/\/barcelona-discovery.com\/#website"},"primaryImageOfPage":{"@id":"https:\/\/barcelona-discovery.com\/es\/producto\/actividad-en-la-naturaleza-conocemos-el-mundo-de-las-abejas\/#primaryimage"},"image":{"@id":"https:\/\/barcelona-discovery.com\/es\/producto\/actividad-en-la-naturaleza-conocemos-el-mundo-de-las-abejas\/#primaryimage"},"thumbnailUrl":"https:\/\/barcelona-discovery.com\/wp-content\/uploads\/2021\/03\/activitat-amb-les-abelles.jpg","datePublished":"2025-03-10T12:56:29+00:00","dateModified":"2025-03-10T13:11:32+00:00","breadcrumb":{"@id":"https:\/\/barcelona-discovery.com\/es\/producto\/actividad-en-la-naturaleza-conocemos-el-mundo-de-las-abejas\/#breadcrumb"},"inLanguage":"es","potentialAction":[{"@type":"ReadAction","target":["https:\/\/barcelona-discovery.com\/es\/producto\/actividad-en-la-naturaleza-conocemos-el-mundo-de-las-abejas\/"]}]},{"@type":"ImageObject","inLanguage":"es","@id":"https:\/\/barcelona-discovery.com\/es\/producto\/actividad-en-la-naturaleza-conocemos-el-mundo-de-las-abejas\/#primaryimage","url":"https:\/\/barcelona-discovery.com\/wp-content\/uploads\/2021\/03\/activitat-amb-les-abelles.jpg","contentUrl":"https:\/\/barcelona-discovery.com\/wp-content\/uploads\/2021\/03\/activitat-amb-les-abelles.jpg","width":1400,"height":700},{"@type":"BreadcrumbList","@id":"https:\/\/barcelona-discovery.com\/es\/producto\/actividad-en-la-naturaleza-conocemos-el-mundo-de-las-abejas\/#breadcrumb","itemListElement":[{"@type":"ListItem","position":1,"name":"Home","item":"https:\/\/barcelona-discovery.com\/es\/"},{"@type":"ListItem","position":2,"name":"Tours","item":"https:\/\/barcelona-discovery.com\/tours\/"},{"@type":"ListItem","position":3,"name":"Conoce el mundo de las abejas"}]},{"@type":"WebSite","@id":"https:\/\/barcelona-discovery.com\/#website","url":"https:\/\/barcelona-discovery.com\/","name":"Barcelona Discovery","description":"Private Tours around Barcelona","publisher":{"@id":"https:\/\/barcelona-discovery.com\/#organization"},"potentialAction":[{"@type":"SearchAction","target":{"@type":"EntryPoint","urlTemplate":"https:\/\/barcelona-discovery.com\/?s={search_term_string}"},"query-input":{"@type":"PropertyValueSpecification","valueRequired":true,"valueName":"search_term_string"}}],"inLanguage":"es"},{"@type":"Organization","@id":"https:\/\/barcelona-discovery.com\/#organization","name":"Barcelona Discovery","url":"https:\/\/barcelona-discovery.com\/","logo":{"@type":"ImageObject","inLanguage":"es","@id":"https:\/\/barcelona-discovery.com\/#\/schema\/logo\/image\/","url":"https:\/\/barcelona-discovery.com\/wp-content\/uploads\/2024\/02\/logo-linkein.jpg","contentUrl":"https:\/\/barcelona-discovery.com\/wp-content\/uploads\/2024\/02\/logo-linkein.jpg","width":300,"height":300,"caption":"Barcelona Discovery"},"image":{"@id":"https:\/\/barcelona-discovery.com\/#\/schema\/logo\/image\/"},"sameAs":["https:\/\/www.facebook.com\/BarcelonaDiscovery\/","https:\/\/x.com\/bcn_discovery","https:\/\/www.instagram.com\/barcelonadiscovery\/","https:\/\/www.youtube.com\/channel\/UCwpragtLkdmFTHCzinFQG_g"]}]}},"_links":{"self":[{"href":"https:\/\/barcelona-discovery.com\/es\/wp-json\/wp\/v2\/product\/8274","targetHints":{"allow":["GET"]}}],"collection":[{"href":"https:\/\/barcelona-discovery.com\/es\/wp-json\/wp\/v2\/product"}],"about":[{"href":"https:\/\/barcelona-discovery.com\/es\/wp-json\/wp\/v2\/types\/product"}],"replies":[{"embeddable":true,"href":"https:\/\/barcelona-discovery.com\/es\/wp-json\/wp\/v2\/comments?post=8274"}],"wp:featuredmedia":[{"embeddable":true,"href":"https:\/\/barcelona-discovery.com\/es\/wp-json\/wp\/v2\/media\/6809"}],"wp:attachment":[{"href":"https:\/\/barcelona-discovery.com\/es\/wp-json\/wp\/v2\/media?parent=8274"}],"wp:term":[{"taxonomy":"product_brand","embeddable":true,"href":"https:\/\/barcelona-discovery.com\/es\/wp-json\/wp\/v2\/product_brand?post=8274"},{"taxonomy":"product_cat","embeddable":true,"href":"https:\/\/barcelona-discovery.com\/es\/wp-json\/wp\/v2\/product_cat?post=8274"},{"taxonomy":"product_tag","embeddable":true,"href":"https:\/\/barcelona-discovery.com\/es\/wp-json\/wp\/v2\/product_tag?post=8274"}],"curies":[{"name":"wp","href":"https:\/\/api.w.org\/{rel}","templated":true}]}}